{"id":192,"date":"2025-11-21T09:40:28","date_gmt":"2025-11-21T09:40:28","guid":{"rendered":"https:\/\/grincloudhost.com\/cespa\/?page_id=192"},"modified":"2026-03-03T10:31:17","modified_gmt":"2026-03-03T10:31:17","slug":"produkter","status":"publish","type":"page","link":"https:\/\/staging.grintechwebagency.com\/cespa\/produkter\/","title":{"rendered":"Produkter"},"content":{"rendered":"\t\t<div data-elementor-type=\"wp-page\" data-elementor-id=\"192\" class=\"elementor elementor-192\" data-elementor-post-type=\"page\">\n\t\t\t\t<div class=\"elementor-element elementor-element-ae8c84c e-flex e-con-boxed e-con e-parent\" data-id=\"ae8c84c\" data-element_type=\"container\" data-e-type=\"container\" data-settings=\"{&quot;background_background&quot;:&quot;classic&quot;}\">\n\t\t\t\t\t<div class=\"e-con-inner\">\n\t\t\t\t<div class=\"elementor-element elementor-element-bfadf00 elementor-invisible elementor-widget elementor-widget-heading\" data-id=\"bfadf00\" data-element_type=\"widget\" data-e-type=\"widget\" data-settings=\"{&quot;_animation&quot;:&quot;slideInUp&quot;}\" data-widget_type=\"heading.default\">\n\t\t\t\t\t<h2 class=\"elementor-heading-title elementor-size-default\">PRODUKTER<\/h2>\t\t\t\t<\/div>\n\t\t\t\t\t<\/div>\n\t\t\t\t<\/div>\n\t\t<div class=\"elementor-element elementor-element-22fb118 e-flex e-con-boxed e-con e-parent\" data-id=\"22fb118\" data-element_type=\"container\" data-e-type=\"container\">\n\t\t\t\t\t<div class=\"e-con-inner\">\n\t\t<div class=\"elementor-element elementor-element-56f98ff e-con-full left-glass-card e-flex e-con e-child\" data-id=\"56f98ff\" data-element_type=\"container\" data-e-type=\"container\">\n\t\t<div class=\"elementor-element elementor-element-9883320 e-con-full image-wrap e-flex e-con e-child\" data-id=\"9883320\" data-element_type=\"container\" data-e-type=\"container\">\n\t\t\t\t<div class=\"elementor-element elementor-element-3e4ab66 elementor-widget elementor-widget-image\" data-id=\"3e4ab66\" data-element_type=\"widget\" data-e-type=\"widget\" data-widget_type=\"image.default\">\n\t\t\t\t\t\t\t\t\t\t\t\t\t\t\t<img fetchpriority=\"high\" decoding=\"async\" width=\"583\" height=\"446\" src=\"https:\/\/staging.grintechwebagency.com\/cespa\/wp-content\/uploads\/2026\/02\/p18_59.png\" class=\"attachment-full size-full wp-image-2075\" alt=\"\" srcset=\"https:\/\/staging.grintechwebagency.com\/cespa\/wp-content\/uploads\/2026\/02\/p18_59.png 583w, https:\/\/staging.grintechwebagency.com\/cespa\/wp-content\/uploads\/2026\/02\/p18_59-300x230.png 300w\" sizes=\"(max-width: 583px) 100vw, 583px\" \/>\t\t\t\t\t\t\t\t\t\t\t\t\t\t\t<\/div>\n\t\t\t\t<\/div>\n\t\t<div class=\"elementor-element elementor-element-8b98460 e-con-full e-flex e-con e-child\" data-id=\"8b98460\" data-element_type=\"container\" data-e-type=\"container\">\n\t\t\t\t<div class=\"elementor-element elementor-element-579a7d4 elementor-widget elementor-widget-heading\" data-id=\"579a7d4\" data-element_type=\"widget\" data-e-type=\"widget\" data-widget_type=\"heading.default\">\n\t\t\t\t\t<h4 class=\"elementor-heading-title elementor-size-default\">FORDONSLYFTAR<\/h4>\t\t\t\t<\/div>\n\t\t\t\t<div class=\"elementor-element elementor-element-a64c7ae elementor-widget elementor-widget-text-editor\" data-id=\"a64c7ae\" data-element_type=\"widget\" data-e-type=\"widget\" data-widget_type=\"text-editor.default\">\n\t\t\t\t\t\t\t\t\t<p data-start=\"194\" data-end=\"223\"><strong data-start=\"194\" data-end=\"223\">Fordonslyftar f\u00f6r j\u00e4rnv\u00e4g<\/strong><\/p><p data-start=\"225\" data-end=\"547\">Fordonslyftar spelar en central roll vid service och underh\u00e5ll av j\u00e4rnv\u00e4gsfordon genom att ge s\u00e4ker och smidig \u00e5tkomst till fordonets undersida. L\u00f6sningarna finns i flera varianter, exempelvis pelarbaserade system, saxkonstruktioner och hydrauliska lyft, utformade f\u00f6r att hantera h\u00f6ga laster med stabilitet och precision.<\/p><p data-start=\"549\" data-end=\"881\">Utrustningen anv\u00e4nds fr\u00e4mst i dep\u00e5er och verkst\u00e4der d\u00e4r den f\u00f6renklar arbete som inspektioner, l\u00f6pande underh\u00e5ll och utbyte av komponenter som hjul, bromsar och boggier. Dagens lyftsystem \u00e4r utvecklade med fokus p\u00e5 anv\u00e4ndarv\u00e4nlighet och s\u00e4kerhet, med integrerade styrsystem och skyddsfunktioner som s\u00e4kerst\u00e4ller tillf\u00f6rlitlig drift.<\/p><p data-start=\"883\" data-end=\"1035\">Genom effektivare arbetsprocesser och minskat stillest\u00e5nd bidrar fordonslyftar till \u00f6kad produktivitet och en tryggare arbetsmilj\u00f6 inom j\u00e4rnv\u00e4gssektorn.<\/p>\t\t\t\t\t\t\t\t<\/div>\n\t\t\t\t<div class=\"elementor-element elementor-element-1bf85b3 elementor-tablet-align-left btn-multicolor1 elementor-mobile-align-center elementor-widget elementor-widget-button\" data-id=\"1bf85b3\" data-element_type=\"widget\" data-e-type=\"widget\" data-widget_type=\"button.default\">\n\t\t\t\t\t\t\t\t\t\t<a class=\"elementor-button elementor-button-link elementor-size-sm elementor-animation-wobble-to-top-right\" href=\"https:\/\/staging.grintechwebagency.com\/cespa\/fordonslyftar\/\" id=\"btnid\">\n\t\t\t\t\t\t<span class=\"elementor-button-content-wrapper\">\n\t\t\t\t\t\t<span class=\"elementor-button-icon\">\n\t\t\t\t<svg aria-hidden=\"true\" class=\"e-font-icon-svg e-fas-arrow-right\" viewBox=\"0 0 448 512\" xmlns=\"http:\/\/www.w3.org\/2000\/svg\"><path d=\"M190.5 66.9l22.2-22.2c9.4-9.4 24.6-9.4 33.9 0L441 239c9.4 9.4 9.4 24.6 0 33.9L246.6 467.3c-9.4 9.4-24.6 9.4-33.9 0l-22.2-22.2c-9.5-9.5-9.3-25 .4-34.3L311.4 296H24c-13.3 0-24-10.7-24-24v-32c0-13.3 10.7-24 24-24h287.4L190.9 101.2c-9.8-9.3-10-24.8-.4-34.3z\"><\/path><\/svg>\t\t\t<\/span>\n\t\t\t\t\t\t\t\t\t<span class=\"elementor-button-text\">Visa mer<\/span>\n\t\t\t\t\t<\/span>\n\t\t\t\t\t<\/a>\n\t\t\t\t\t\t\t\t<\/div>\n\t\t\t\t<\/div>\n\t\t\t\t<\/div>\n\t\t\t\t\t<\/div>\n\t\t\t\t<\/div>\n\t\t<div class=\"elementor-element elementor-element-e218305 card-container e-flex e-con-boxed e-con e-parent\" data-id=\"e218305\" data-element_type=\"container\" data-e-type=\"container\">\n\t\t\t\t\t<div class=\"e-con-inner\">\n\t\t<div class=\"elementor-element elementor-element-ce1cec7 e-con-full e-flex e-con e-child\" data-id=\"ce1cec7\" data-element_type=\"container\" data-e-type=\"container\">\n\t\t<div class=\"elementor-element elementor-element-08582a9 e-con-full e-flex e-con e-child\" data-id=\"08582a9\" data-element_type=\"container\" data-e-type=\"container\">\n\t\t\t\t<div class=\"elementor-element elementor-element-89a5915 elementor-widget elementor-widget-image\" data-id=\"89a5915\" data-element_type=\"widget\" data-e-type=\"widget\" data-widget_type=\"image.default\">\n\t\t\t\t\t\t\t\t\t\t\t\t\t\t\t<img decoding=\"async\" width=\"1600\" height=\"900\" src=\"https:\/\/staging.grintechwebagency.com\/cespa\/wp-content\/uploads\/2026\/02\/image.jpeg\" class=\"attachment-full size-full wp-image-1341\" alt=\"\" srcset=\"https:\/\/staging.grintechwebagency.com\/cespa\/wp-content\/uploads\/2026\/02\/image.jpeg 1600w, https:\/\/staging.grintechwebagency.com\/cespa\/wp-content\/uploads\/2026\/02\/image-300x169.jpeg 300w, https:\/\/staging.grintechwebagency.com\/cespa\/wp-content\/uploads\/2026\/02\/image-1024x576.jpeg 1024w, https:\/\/staging.grintechwebagency.com\/cespa\/wp-content\/uploads\/2026\/02\/image-768x432.jpeg 768w, https:\/\/staging.grintechwebagency.com\/cespa\/wp-content\/uploads\/2026\/02\/image-1536x864.jpeg 1536w\" sizes=\"(max-width: 1600px) 100vw, 1600px\" \/>\t\t\t\t\t\t\t\t\t\t\t\t\t\t\t<\/div>\n\t\t\t\t<\/div>\n\t\t<div class=\"elementor-element elementor-element-8cb4979 e-con-full e-flex e-con e-child\" data-id=\"8cb4979\" data-element_type=\"container\" data-e-type=\"container\">\n\t\t\t\t<div class=\"elementor-element elementor-element-f0f743e elementor-widget elementor-widget-heading\" data-id=\"f0f743e\" data-element_type=\"widget\" data-e-type=\"widget\" data-widget_type=\"heading.default\">\n\t\t\t\t\t<h2 class=\"elementor-heading-title elementor-size-default\">BOGGIES<\/h2>\t\t\t\t<\/div>\n\t\t\t\t<div class=\"elementor-element elementor-element-1099d4d elementor-widget elementor-widget-text-editor\" data-id=\"1099d4d\" data-element_type=\"widget\" data-e-type=\"widget\" data-widget_type=\"text-editor.default\">\n\t\t\t\t\t\t\t\t\t<p>Lorem ipsum dolor sit amet, consectetur adipiscing elit. Sed vitae nunc tincidunt, scelerisque enim id, ultrices magna. Integer euismod, velit sit amet fermentum consequat, ligula arcu aliquam nibh, ut suscipit justo lorem non urna. Suspendisse potenti. Donec pharetra, risus ac commodo tristique, ipsum neque cursus ipsum, vel viverra lorem massa id nisl.<\/p>\t\t\t\t\t\t\t\t<\/div>\n\t\t\t\t<div class=\"elementor-element elementor-element-96b0a4e btn-multicolor1 elementor-mobile-align-center elementor-widget elementor-widget-button\" data-id=\"96b0a4e\" data-element_type=\"widget\" data-e-type=\"widget\" data-widget_type=\"button.default\">\n\t\t\t\t\t\t\t\t\t\t<a class=\"elementor-button elementor-button-link elementor-size-sm elementor-animation-wobble-to-top-right\" href=\"https:\/\/staging.grintechwebagency.com\/cespa\/boggies\/\" id=\"btnid\">\n\t\t\t\t\t\t<span class=\"elementor-button-content-wrapper\">\n\t\t\t\t\t\t<span class=\"elementor-button-icon\">\n\t\t\t\t<svg aria-hidden=\"true\" class=\"e-font-icon-svg e-fas-arrow-right\" viewBox=\"0 0 448 512\" xmlns=\"http:\/\/www.w3.org\/2000\/svg\"><path d=\"M190.5 66.9l22.2-22.2c9.4-9.4 24.6-9.4 33.9 0L441 239c9.4 9.4 9.4 24.6 0 33.9L246.6 467.3c-9.4 9.4-24.6 9.4-33.9 0l-22.2-22.2c-9.5-9.5-9.3-25 .4-34.3L311.4 296H24c-13.3 0-24-10.7-24-24v-32c0-13.3 10.7-24 24-24h287.4L190.9 101.2c-9.8-9.3-10-24.8-.4-34.3z\"><\/path><\/svg>\t\t\t<\/span>\n\t\t\t\t\t\t\t\t\t<span class=\"elementor-button-text\">Visa mer<\/span>\n\t\t\t\t\t<\/span>\n\t\t\t\t\t<\/a>\n\t\t\t\t\t\t\t\t<\/div>\n\t\t\t\t<\/div>\n\t\t\t\t<\/div>\n\t\t<div class=\"elementor-element elementor-element-b32fed8 e-con-full e-flex e-con e-child\" data-id=\"b32fed8\" data-element_type=\"container\" data-e-type=\"container\">\n\t\t<div class=\"elementor-element elementor-element-c3e8395 e-con-full e-flex e-con e-child\" data-id=\"c3e8395\" data-element_type=\"container\" data-e-type=\"container\">\n\t\t\t\t<div class=\"elementor-element elementor-element-f70276d elementor-widget elementor-widget-image\" data-id=\"f70276d\" data-element_type=\"widget\" data-e-type=\"widget\" data-widget_type=\"image.default\">\n\t\t\t\t\t\t\t\t\t\t\t\t\t\t\t<img decoding=\"async\" width=\"1740\" height=\"800\" src=\"https:\/\/staging.grintechwebagency.com\/cespa\/wp-content\/uploads\/2026\/01\/1-800.webp\" class=\"attachment-full size-full wp-image-506\" alt=\"\" srcset=\"https:\/\/staging.grintechwebagency.com\/cespa\/wp-content\/uploads\/2026\/01\/1-800.webp 1740w, https:\/\/staging.grintechwebagency.com\/cespa\/wp-content\/uploads\/2026\/01\/1-800-300x138.webp 300w, https:\/\/staging.grintechwebagency.com\/cespa\/wp-content\/uploads\/2026\/01\/1-800-1024x471.webp 1024w, https:\/\/staging.grintechwebagency.com\/cespa\/wp-content\/uploads\/2026\/01\/1-800-768x353.webp 768w, https:\/\/staging.grintechwebagency.com\/cespa\/wp-content\/uploads\/2026\/01\/1-800-1536x706.webp 1536w\" sizes=\"(max-width: 1740px) 100vw, 1740px\" \/>\t\t\t\t\t\t\t\t\t\t\t\t\t\t\t<\/div>\n\t\t\t\t<\/div>\n\t\t<div class=\"elementor-element elementor-element-8e94bf9 e-con-full e-flex e-con e-child\" data-id=\"8e94bf9\" data-element_type=\"container\" data-e-type=\"container\">\n\t\t\t\t<div class=\"elementor-element elementor-element-0055c4f elementor-widget elementor-widget-heading\" data-id=\"0055c4f\" data-element_type=\"widget\" data-e-type=\"widget\" data-widget_type=\"heading.default\">\n\t\t\t\t\t<h2 class=\"elementor-heading-title elementor-size-default\">TESTUTRUSTNING\n<\/h2>\t\t\t\t<\/div>\n\t\t\t\t<div class=\"elementor-element elementor-element-d03f32b elementor-widget elementor-widget-text-editor\" data-id=\"d03f32b\" data-element_type=\"widget\" data-e-type=\"widget\" data-widget_type=\"text-editor.default\">\n\t\t\t\t\t\t\t\t\t<p>Lorem ipsum dolor sit amet, consectetur adipiscing elit. Sed vitae nunc tincidunt, scelerisque enim id, ultrices magna. Integer euismod, velit sit amet fermentum consequat, ligula arcu aliquam nibh, ut suscipit justo lorem non urna. Suspendisse potenti. Donec pharetra, risus ac commodo tristique, ipsum neque cursus ipsum, vel viverra lorem massa id nisl.<\/p>\t\t\t\t\t\t\t\t<\/div>\n\t\t\t\t<div class=\"elementor-element elementor-element-cf14d43 btn-multicolor1 elementor-mobile-align-center elementor-widget elementor-widget-button\" data-id=\"cf14d43\" data-element_type=\"widget\" data-e-type=\"widget\" data-widget_type=\"button.default\">\n\t\t\t\t\t\t\t\t\t\t<a class=\"elementor-button elementor-button-link elementor-size-sm elementor-animation-wobble-to-top-right\" href=\"https:\/\/staging.grintechwebagency.com\/cespa\/hydrauliska-domkrafter-hjulaxelstativ\/\" id=\"btnid\">\n\t\t\t\t\t\t<span class=\"elementor-button-content-wrapper\">\n\t\t\t\t\t\t<span class=\"elementor-button-icon\">\n\t\t\t\t<svg aria-hidden=\"true\" class=\"e-font-icon-svg e-fas-arrow-right\" viewBox=\"0 0 448 512\" xmlns=\"http:\/\/www.w3.org\/2000\/svg\"><path d=\"M190.5 66.9l22.2-22.2c9.4-9.4 24.6-9.4 33.9 0L441 239c9.4 9.4 9.4 24.6 0 33.9L246.6 467.3c-9.4 9.4-24.6 9.4-33.9 0l-22.2-22.2c-9.5-9.5-9.3-25 .4-34.3L311.4 296H24c-13.3 0-24-10.7-24-24v-32c0-13.3 10.7-24 24-24h287.4L190.9 101.2c-9.8-9.3-10-24.8-.4-34.3z\"><\/path><\/svg>\t\t\t<\/span>\n\t\t\t\t\t\t\t\t\t<span class=\"elementor-button-text\">Visa mer<\/span>\n\t\t\t\t\t<\/span>\n\t\t\t\t\t<\/a>\n\t\t\t\t\t\t\t\t<\/div>\n\t\t\t\t<\/div>\n\t\t\t\t<\/div>\n\t\t<div class=\"elementor-element elementor-element-048c07b e-con-full e-flex e-con e-child\" data-id=\"048c07b\" data-element_type=\"container\" data-e-type=\"container\">\n\t\t<div class=\"elementor-element elementor-element-f660ca3 e-con-full e-flex e-con e-child\" data-id=\"f660ca3\" data-element_type=\"container\" data-e-type=\"container\">\n\t\t\t\t<div class=\"elementor-element elementor-element-1580db0 elementor-widget elementor-widget-image\" data-id=\"1580db0\" data-element_type=\"widget\" data-e-type=\"widget\" data-widget_type=\"image.default\">\n\t\t\t\t\t\t\t\t\t\t\t\t\t\t\t<img loading=\"lazy\" decoding=\"async\" width=\"554\" height=\"425\" src=\"https:\/\/staging.grintechwebagency.com\/cespa\/wp-content\/uploads\/2026\/02\/p23_86.png\" class=\"attachment-full size-full wp-image-2085\" alt=\"\" srcset=\"https:\/\/staging.grintechwebagency.com\/cespa\/wp-content\/uploads\/2026\/02\/p23_86.png 554w, https:\/\/staging.grintechwebagency.com\/cespa\/wp-content\/uploads\/2026\/02\/p23_86-300x230.png 300w\" sizes=\"(max-width: 554px) 100vw, 554px\" \/>\t\t\t\t\t\t\t\t\t\t\t\t\t\t\t<\/div>\n\t\t\t\t<\/div>\n\t\t<div class=\"elementor-element elementor-element-a720756 e-con-full e-flex e-con e-child\" data-id=\"a720756\" data-element_type=\"container\" data-e-type=\"container\">\n\t\t\t\t<div class=\"elementor-element elementor-element-2b5ec13 elementor-widget elementor-widget-heading\" data-id=\"2b5ec13\" data-element_type=\"widget\" data-e-type=\"widget\" data-widget_type=\"heading.default\">\n\t\t\t\t\t<h2 class=\"elementor-heading-title elementor-size-default\">LYFT &amp; HANTERING<\/h2>\t\t\t\t<\/div>\n\t\t\t\t<div class=\"elementor-element elementor-element-53b7e7b elementor-widget elementor-widget-text-editor\" data-id=\"53b7e7b\" data-element_type=\"widget\" data-e-type=\"widget\" data-widget_type=\"text-editor.default\">\n\t\t\t\t\t\t\t\t\t<p>Lorem ipsum dolor sit amet, consectetur adipiscing elit. Sed vitae nunc tincidunt, scelerisque enim id, ultrices magna. Integer euismod, velit sit amet fermentum consequat, ligula arcu aliquam nibh, ut suscipit justo lorem non urna. Suspendisse potenti. Donec pharetra, risus ac commodo tristique, ipsum neque cursus ipsum, vel viverra lorem massa id nisl.<\/p>\t\t\t\t\t\t\t\t<\/div>\n\t\t\t\t<div class=\"elementor-element elementor-element-0d5dfee btn-multicolor1 elementor-mobile-align-center elementor-widget elementor-widget-button\" data-id=\"0d5dfee\" data-element_type=\"widget\" data-e-type=\"widget\" data-widget_type=\"button.default\">\n\t\t\t\t\t\t\t\t\t\t<a class=\"elementor-button elementor-button-link elementor-size-sm elementor-animation-wobble-to-top-right\" href=\"https:\/\/staging.grintechwebagency.com\/cespa\/lifting-handling\/\" id=\"btnid\">\n\t\t\t\t\t\t<span class=\"elementor-button-content-wrapper\">\n\t\t\t\t\t\t<span class=\"elementor-button-icon\">\n\t\t\t\t<svg aria-hidden=\"true\" class=\"e-font-icon-svg e-fas-arrow-right\" viewBox=\"0 0 448 512\" xmlns=\"http:\/\/www.w3.org\/2000\/svg\"><path d=\"M190.5 66.9l22.2-22.2c9.4-9.4 24.6-9.4 33.9 0L441 239c9.4 9.4 9.4 24.6 0 33.9L246.6 467.3c-9.4 9.4-24.6 9.4-33.9 0l-22.2-22.2c-9.5-9.5-9.3-25 .4-34.3L311.4 296H24c-13.3 0-24-10.7-24-24v-32c0-13.3 10.7-24 24-24h287.4L190.9 101.2c-9.8-9.3-10-24.8-.4-34.3z\"><\/path><\/svg>\t\t\t<\/span>\n\t\t\t\t\t\t\t\t\t<span class=\"elementor-button-text\">Visa mer<\/span>\n\t\t\t\t\t<\/span>\n\t\t\t\t\t<\/a>\n\t\t\t\t\t\t\t\t<\/div>\n\t\t\t\t<\/div>\n\t\t\t\t<\/div>\n\t\t<div class=\"elementor-element elementor-element-81a7c59 e-con-full e-flex e-con e-child\" data-id=\"81a7c59\" data-element_type=\"container\" data-e-type=\"container\">\n\t\t<div class=\"elementor-element elementor-element-251401b e-con-full e-flex e-con e-child\" data-id=\"251401b\" data-element_type=\"container\" data-e-type=\"container\">\n\t\t\t\t<div class=\"elementor-element elementor-element-9767f41 elementor-widget elementor-widget-image\" data-id=\"9767f41\" data-element_type=\"widget\" data-e-type=\"widget\" data-widget_type=\"image.default\">\n\t\t\t\t\t\t\t\t\t\t\t\t\t\t\t<img loading=\"lazy\" decoding=\"async\" width=\"587\" height=\"487\" src=\"https:\/\/staging.grintechwebagency.com\/cespa\/wp-content\/uploads\/2026\/02\/p25_91-1.png\" class=\"attachment-full size-full wp-image-1411\" alt=\"\" srcset=\"https:\/\/staging.grintechwebagency.com\/cespa\/wp-content\/uploads\/2026\/02\/p25_91-1.png 587w, https:\/\/staging.grintechwebagency.com\/cespa\/wp-content\/uploads\/2026\/02\/p25_91-1-300x249.png 300w\" sizes=\"(max-width: 587px) 100vw, 587px\" \/>\t\t\t\t\t\t\t\t\t\t\t\t\t\t\t<\/div>\n\t\t\t\t<\/div>\n\t\t<div class=\"elementor-element elementor-element-8f9d7b3 e-con-full e-flex e-con e-child\" data-id=\"8f9d7b3\" data-element_type=\"container\" data-e-type=\"container\">\n\t\t\t\t<div class=\"elementor-element elementor-element-6667fcf elementor-widget elementor-widget-heading\" data-id=\"6667fcf\" data-element_type=\"widget\" data-e-type=\"widget\" data-widget_type=\"heading.default\">\n\t\t\t\t\t<h2 class=\"elementor-heading-title elementor-size-default\">TILLG\u00c5NG TILL RULLANDE MATERIAL<\/h2>\t\t\t\t<\/div>\n\t\t\t\t<div class=\"elementor-element elementor-element-e498f81 elementor-widget elementor-widget-text-editor\" data-id=\"e498f81\" data-element_type=\"widget\" data-e-type=\"widget\" data-widget_type=\"text-editor.default\">\n\t\t\t\t\t\t\t\t\t<p>Lorem ipsum dolor sit amet, consectetur adipiscing elit. Sed vitae nunc tincidunt, scelerisque enim id, ultrices magna. Integer euismod, velit sit amet fermentum consequat, ligula arcu aliquam nibh, ut suscipit justo lorem non urna. Suspendisse potenti. Donec pharetra, risus ac commodo tristique, ipsum neque cursus ipsum, vel viverra lorem massa id nisl.<\/p>\t\t\t\t\t\t\t\t<\/div>\n\t\t\t\t<div class=\"elementor-element elementor-element-a5a2c64 elementor-mobile-align-center elementor-widget elementor-widget-button\" data-id=\"a5a2c64\" data-element_type=\"widget\" data-e-type=\"widget\" data-widget_type=\"button.default\">\n\t\t\t\t\t\t\t\t\t\t<a class=\"elementor-button elementor-button-link elementor-size-sm elementor-animation-wobble-to-top-right\" href=\"https:\/\/staging.grintechwebagency.com\/cespa\/plattformar\/\" id=\"btnid\">\n\t\t\t\t\t\t<span class=\"elementor-button-content-wrapper\">\n\t\t\t\t\t\t<span class=\"elementor-button-icon\">\n\t\t\t\t<svg aria-hidden=\"true\" class=\"e-font-icon-svg e-fas-arrow-right\" viewBox=\"0 0 448 512\" xmlns=\"http:\/\/www.w3.org\/2000\/svg\"><path d=\"M190.5 66.9l22.2-22.2c9.4-9.4 24.6-9.4 33.9 0L441 239c9.4 9.4 9.4 24.6 0 33.9L246.6 467.3c-9.4 9.4-24.6 9.4-33.9 0l-22.2-22.2c-9.5-9.5-9.3-25 .4-34.3L311.4 296H24c-13.3 0-24-10.7-24-24v-32c0-13.3 10.7-24 24-24h287.4L190.9 101.2c-9.8-9.3-10-24.8-.4-34.3z\"><\/path><\/svg>\t\t\t<\/span>\n\t\t\t\t\t\t\t\t\t<span class=\"elementor-button-text\">Visa mer<\/span>\n\t\t\t\t\t<\/span>\n\t\t\t\t\t<\/a>\n\t\t\t\t\t\t\t\t<\/div>\n\t\t\t\t<\/div>\n\t\t\t\t<\/div>\n\t\t\t\t\t<\/div>\n\t\t\t\t<\/div>\n\t\t\t\t<\/div>\n\t\t","protected":false},"excerpt":{"rendered":"<p>PRODUKTER FORDONSLYFTAR Fordonslyftar f\u00f6r j\u00e4rnv\u00e4g Fordonslyftar spelar en central roll vid service och underh\u00e5ll av j\u00e4rnv\u00e4gsfordon genom att ge s\u00e4ker och smidig \u00e5tkomst till fordonets undersida. L\u00f6sningarna finns i flera varianter, exempelvis pelarbaserade system, saxkonstruktioner och hydrauliska lyft, utformade f\u00f6r att hantera h\u00f6ga laster med stabilitet och precision. Utrustningen anv\u00e4nds fr\u00e4mst i dep\u00e5er och verkst\u00e4der [&hellip;]<\/p>\n","protected":false},"author":1,"featured_media":0,"parent":0,"menu_order":0,"comment_status":"closed","ping_status":"closed","template":"elementor_header_footer","meta":{"footnotes":""},"class_list":["post-192","page","type-page","status-publish","hentry"],"_links":{"self":[{"href":"https:\/\/staging.grintechwebagency.com\/cespa\/wp-json\/wp\/v2\/pages\/192","targetHints":{"allow":["GET"]}}],"collection":[{"href":"https:\/\/staging.grintechwebagency.com\/cespa\/wp-json\/wp\/v2\/pages"}],"about":[{"href":"https:\/\/staging.grintechwebagency.com\/cespa\/wp-json\/wp\/v2\/types\/page"}],"author":[{"embeddable":true,"href":"https:\/\/staging.grintechwebagency.com\/cespa\/wp-json\/wp\/v2\/users\/1"}],"replies":[{"embeddable":true,"href":"https:\/\/staging.grintechwebagency.com\/cespa\/wp-json\/wp\/v2\/comments?post=192"}],"version-history":[{"count":277,"href":"https:\/\/staging.grintechwebagency.com\/cespa\/wp-json\/wp\/v2\/pages\/192\/revisions"}],"predecessor-version":[{"id":3321,"href":"https:\/\/staging.grintechwebagency.com\/cespa\/wp-json\/wp\/v2\/pages\/192\/revisions\/3321"}],"wp:attachment":[{"href":"https:\/\/staging.grintechwebagency.com\/cespa\/wp-json\/wp\/v2\/media?parent=192"}],"curies":[{"name":"wp","href":"https:\/\/api.w.org\/{rel}","templated":true}]}}