{"id":1166,"date":"2026-02-02T11:22:23","date_gmt":"2026-02-02T11:22:23","guid":{"rendered":"https:\/\/grincloudhost.com\/wp-sites\/cespa\/?page_id=1166"},"modified":"2026-03-03T20:52:06","modified_gmt":"2026-03-03T20:52:06","slug":"lifting-handling","status":"publish","type":"page","link":"https:\/\/staging.grintechwebagency.com\/cespa\/lifting-handling\/","title":{"rendered":"LIFTING &#038; HANDLING"},"content":{"rendered":"\t\t<div data-elementor-type=\"wp-page\" data-elementor-id=\"1166\" class=\"elementor elementor-1166\" data-elementor-post-type=\"page\">\n\t\t\t\t<div class=\"elementor-element elementor-element-51279d2 e-flex e-con-boxed e-con e-parent\" data-id=\"51279d2\" data-element_type=\"container\" data-e-type=\"container\" data-settings=\"{&quot;background_background&quot;:&quot;classic&quot;}\">\n\t\t\t\t\t<div class=\"e-con-inner\">\n\t\t\t\t<div class=\"elementor-element elementor-element-bf3572f elementor-widget elementor-widget-heading\" data-id=\"bf3572f\" data-element_type=\"widget\" data-e-type=\"widget\" data-widget_type=\"heading.default\">\n\t\t\t\t\t<h1 class=\"elementor-heading-title elementor-size-default\">LYFT &amp; HANTERING<\/h1>\t\t\t\t<\/div>\n\t\t\t\t\t<\/div>\n\t\t\t\t<\/div>\n\t\t<div class=\"elementor-element elementor-element-289cf40 e-flex e-con-boxed e-con e-parent\" data-id=\"289cf40\" data-element_type=\"container\" data-e-type=\"container\">\n\t\t\t\t\t<div class=\"e-con-inner\">\n\t\t\t\t<div class=\"elementor-element elementor-element-762609d elementor-widget__width-initial elementor-widget-mobile__width-inherit elementor-widget elementor-widget-heading\" data-id=\"762609d\" data-element_type=\"widget\" data-e-type=\"widget\" data-widget_type=\"heading.default\">\n\t\t\t\t\t<h4 class=\"elementor-heading-title elementor-size-default\">CESPA TILLVERKAR ETT BRETT UTBUD AV HANTERINGS- OCH LYFTUTRUSTNING F\u00d6R BYGG- OCH UNDERH\u00c5LLSVERKST\u00c4DER F\u00d6R J\u00c4RNV\u00c4GSMATERIAL.\n<\/h4>\t\t\t\t<\/div>\n\t\t<div class=\"elementor-element elementor-element-d275a2a e-con-full e-flex e-con e-child\" data-id=\"d275a2a\" data-element_type=\"container\" data-e-type=\"container\">\n\t\t<div class=\"elementor-element elementor-element-d893fa5 e-con-full e-flex e-con e-child\" data-id=\"d893fa5\" data-element_type=\"container\" data-e-type=\"container\">\n\t\t\t\t<div class=\"elementor-element elementor-element-f69e8e8 elementor-widget elementor-widget-image\" data-id=\"f69e8e8\" data-element_type=\"widget\" data-e-type=\"widget\" data-widget_type=\"image.default\">\n\t\t\t\t\t\t\t\t\t\t\t\t\t\t\t<img fetchpriority=\"high\" decoding=\"async\" width=\"2176\" height=\"1888\" src=\"https:\/\/staging.grintechwebagency.com\/cespa\/wp-content\/uploads\/2026\/02\/new-enhance-photo-v2-5.jpg\" class=\"attachment-full size-full wp-image-2887\" alt=\"\" srcset=\"https:\/\/staging.grintechwebagency.com\/cespa\/wp-content\/uploads\/2026\/02\/new-enhance-photo-v2-5.jpg 2176w, https:\/\/staging.grintechwebagency.com\/cespa\/wp-content\/uploads\/2026\/02\/new-enhance-photo-v2-5-300x260.jpg 300w, https:\/\/staging.grintechwebagency.com\/cespa\/wp-content\/uploads\/2026\/02\/new-enhance-photo-v2-5-1024x888.jpg 1024w, https:\/\/staging.grintechwebagency.com\/cespa\/wp-content\/uploads\/2026\/02\/new-enhance-photo-v2-5-768x666.jpg 768w, https:\/\/staging.grintechwebagency.com\/cespa\/wp-content\/uploads\/2026\/02\/new-enhance-photo-v2-5-1536x1333.jpg 1536w, https:\/\/staging.grintechwebagency.com\/cespa\/wp-content\/uploads\/2026\/02\/new-enhance-photo-v2-5-2048x1777.jpg 2048w\" sizes=\"(max-width: 2176px) 100vw, 2176px\" \/>\t\t\t\t\t\t\t\t\t\t\t\t\t\t\t<\/div>\n\t\t\t\t<\/div>\n\t\t<div class=\"elementor-element elementor-element-a47021e e-con-full e-flex e-con e-child\" data-id=\"a47021e\" data-element_type=\"container\" data-e-type=\"container\">\n\t\t\t\t<div class=\"elementor-element elementor-element-3c52127 elementor-widget elementor-widget-heading\" data-id=\"3c52127\" data-element_type=\"widget\" data-e-type=\"widget\" data-widget_type=\"heading.default\">\n\t\t\t\t\t<h5 class=\"elementor-heading-title elementor-size-default\">Sj\u00e4lvg\u00e5ende lyftplattform f\u00f6r demontering av AGU (Air Generation Unit)<\/h5>\t\t\t\t<\/div>\n\t\t\t\t<div class=\"elementor-element elementor-element-4e6474c elementor-widget elementor-widget-text-editor\" data-id=\"4e6474c\" data-element_type=\"widget\" data-e-type=\"widget\" data-widget_type=\"text-editor.default\">\n\t\t\t\t\t\t\t\t\t<p data-start=\"173\" data-end=\"481\">Sj\u00e4lvg\u00e5ende lyftplattform utvecklad f\u00f6r s\u00e4ker och effektiv demontering samt installation av AGU-enheter (Air Generation Unit) p\u00e5 j\u00e4rnv\u00e4gsfordon. Plattformen m\u00f6jligg\u00f6r exakt positionering och stabil hantering av komponenter vid underh\u00e5lls- och servicearbeten, vilket f\u00f6rb\u00e4ttrar b\u00e5de arbetsmilj\u00f6 och precision.<\/p><p data-start=\"483\" data-end=\"679\">Den mobila och sj\u00e4lvg\u00e5ende konstruktionen g\u00f6r utrustningen enkel att man\u00f6vrera i dep\u00e5- och verkstadsmilj\u00f6er, samtidigt som den s\u00e4kerst\u00e4ller trygg hantering av tunga och k\u00e4nsliga systemkomponenter.<\/p>\t\t\t\t\t\t\t\t<\/div>\n\t\t\t\t<\/div>\n\t\t\t\t<\/div>\n\t\t<div class=\"elementor-element elementor-element-bedd166 e-con-full e-flex e-con e-child\" data-id=\"bedd166\" data-element_type=\"container\" data-e-type=\"container\">\n\t\t<div class=\"elementor-element elementor-element-9613e23 e-con-full e-flex e-con e-child\" data-id=\"9613e23\" data-element_type=\"container\" data-e-type=\"container\">\n\t\t\t\t<div class=\"elementor-element elementor-element-8b67414 elementor-widget elementor-widget-image\" data-id=\"8b67414\" data-element_type=\"widget\" data-e-type=\"widget\" data-widget_type=\"image.default\">\n\t\t\t\t\t\t\t\t\t\t\t\t\t\t\t<img decoding=\"async\" src=\"https:\/\/staging.grintechwebagency.com\/cespa\/wp-content\/uploads\/elementor\/thumbs\/new-enhance-photo-v2-7-rjndpp8qybpfsug2e8zt7iv2xxt36vzgrsetcbdl6w.jpg\" title=\"new-enhance-photo-v2-7\" alt=\"new-enhance-photo-v2-7\" loading=\"lazy\" \/>\t\t\t\t\t\t\t\t\t\t\t\t\t\t\t<\/div>\n\t\t\t\t<\/div>\n\t\t<div class=\"elementor-element elementor-element-be12090 e-con-full e-flex e-con e-child\" data-id=\"be12090\" data-element_type=\"container\" data-e-type=\"container\">\n\t\t\t\t<div class=\"elementor-element elementor-element-b7758d2 elementor-widget elementor-widget-heading\" data-id=\"b7758d2\" data-element_type=\"widget\" data-e-type=\"widget\" data-widget_type=\"heading.default\">\n\t\t\t\t\t<h5 class=\"elementor-heading-title elementor-size-default\">Sj\u00e4lvg\u00e5ende gropplattform f\u00f6r demontering av traktionsmotorer<\/h5>\t\t\t\t<\/div>\n\t\t\t\t<div class=\"elementor-element elementor-element-622ddcd elementor-widget elementor-widget-text-editor\" data-id=\"622ddcd\" data-element_type=\"widget\" data-e-type=\"widget\" data-widget_type=\"text-editor.default\">\n\t\t\t\t\t\t\t\t\t<p>Sj\u00e4lvg\u00e5ende plattform installerad i verkstadsgrop f\u00f6r s\u00e4ker demontering och hantering av traktionsmotorer p\u00e5 j\u00e4rnv\u00e4gsfordon. Plattformen m\u00f6jligg\u00f6r exakt positionering och stabil lyfthantering vid underh\u00e5lls- och reparationsarbeten, vilket f\u00f6rb\u00e4ttrar b\u00e5de s\u00e4kerhet och ergonomi i dep\u00e5milj\u00f6.<\/p>\t\t\t\t\t\t\t\t<\/div>\n\t\t\t\t<\/div>\n\t\t\t\t<\/div>\n\t\t<div class=\"elementor-element elementor-element-6233706 e-con-full e-flex e-con e-child\" data-id=\"6233706\" data-element_type=\"container\" data-e-type=\"container\">\n\t\t<div class=\"elementor-element elementor-element-d5ccdba e-con-full e-flex e-con e-child\" data-id=\"d5ccdba\" data-element_type=\"container\" data-e-type=\"container\">\n\t\t\t\t<div class=\"elementor-element elementor-element-697083b elementor-widget elementor-widget-image\" data-id=\"697083b\" data-element_type=\"widget\" data-e-type=\"widget\" data-widget_type=\"image.default\">\n\t\t\t\t\t\t\t\t\t\t\t\t\t\t\t<img decoding=\"async\" width=\"1712\" height=\"1680\" src=\"https:\/\/staging.grintechwebagency.com\/cespa\/wp-content\/uploads\/2026\/02\/new-enhance-photo-v2-8.jpg\" class=\"attachment-full size-full wp-image-2898\" alt=\"\" srcset=\"https:\/\/staging.grintechwebagency.com\/cespa\/wp-content\/uploads\/2026\/02\/new-enhance-photo-v2-8.jpg 1712w, https:\/\/staging.grintechwebagency.com\/cespa\/wp-content\/uploads\/2026\/02\/new-enhance-photo-v2-8-300x294.jpg 300w, https:\/\/staging.grintechwebagency.com\/cespa\/wp-content\/uploads\/2026\/02\/new-enhance-photo-v2-8-1024x1005.jpg 1024w, https:\/\/staging.grintechwebagency.com\/cespa\/wp-content\/uploads\/2026\/02\/new-enhance-photo-v2-8-768x754.jpg 768w, https:\/\/staging.grintechwebagency.com\/cespa\/wp-content\/uploads\/2026\/02\/new-enhance-photo-v2-8-1536x1507.jpg 1536w\" sizes=\"(max-width: 1712px) 100vw, 1712px\" \/>\t\t\t\t\t\t\t\t\t\t\t\t\t\t\t<\/div>\n\t\t\t\t<\/div>\n\t\t<div class=\"elementor-element elementor-element-7ed0758 e-con-full e-flex e-con e-child\" data-id=\"7ed0758\" data-element_type=\"container\" data-e-type=\"container\">\n\t\t\t\t<div class=\"elementor-element elementor-element-42080ea elementor-widget elementor-widget-heading\" data-id=\"42080ea\" data-element_type=\"widget\" data-e-type=\"widget\" data-widget_type=\"heading.default\">\n\t\t\t\t\t<h5 class=\"elementor-heading-title elementor-size-default\">Mobil plattform f\u00f6r demontering av frontsektion\n<\/h5>\t\t\t\t<\/div>\n\t\t\t\t<div class=\"elementor-element elementor-element-5ed1f0c elementor-widget elementor-widget-text-editor\" data-id=\"5ed1f0c\" data-element_type=\"widget\" data-e-type=\"widget\" data-widget_type=\"text-editor.default\">\n\t\t\t\t\t\t\t\t\t<p data-start=\"152\" data-end=\"452\">Mobil arbetsplattform utvecklad f\u00f6r s\u00e4ker demontering och hantering av frontsektionen (\u201cnosdelen\u201d) p\u00e5 h\u00f6ghastighetst\u00e5get ETR 1000. Plattformen ger stabil \u00e5tkomst och exakt arbetspositionering vid underh\u00e5lls- och servicearbeten d\u00e4r stora och k\u00e4nsliga karosskomponenter ska avl\u00e4gsnas eller installeras.<\/p><p data-start=\"454\" data-end=\"625\">Den mobila konstruktionen m\u00f6jligg\u00f6r flexibel anv\u00e4ndning i verkstadsmilj\u00f6 och bidrar till f\u00f6rb\u00e4ttrad s\u00e4kerhet, ergonomi och effektivitet vid arbete p\u00e5 fordonets frontparti.<\/p>\t\t\t\t\t\t\t\t<\/div>\n\t\t\t\t<\/div>\n\t\t\t\t<\/div>\n\t\t<div class=\"elementor-element elementor-element-985abfb e-con-full e-flex e-con e-child\" data-id=\"985abfb\" data-element_type=\"container\" data-e-type=\"container\">\n\t\t<div class=\"elementor-element elementor-element-107f980 e-con-full e-flex e-con e-child\" data-id=\"107f980\" data-element_type=\"container\" data-e-type=\"container\">\n\t\t\t\t<div class=\"elementor-element elementor-element-e74940d elementor-widget elementor-widget-image\" data-id=\"e74940d\" data-element_type=\"widget\" data-e-type=\"widget\" data-widget_type=\"image.default\">\n\t\t\t\t\t\t\t\t\t\t\t\t\t\t\t<img decoding=\"async\" width=\"400\" height=\"225\" src=\"https:\/\/staging.grintechwebagency.com\/cespa\/wp-content\/uploads\/2026\/02\/after1-1.jpg\" class=\"attachment-full size-full wp-image-1433\" alt=\"\" srcset=\"https:\/\/staging.grintechwebagency.com\/cespa\/wp-content\/uploads\/2026\/02\/after1-1.jpg 400w, https:\/\/staging.grintechwebagency.com\/cespa\/wp-content\/uploads\/2026\/02\/after1-1-300x169.jpg 300w\" sizes=\"(max-width: 400px) 100vw, 400px\" \/>\t\t\t\t\t\t\t\t\t\t\t\t\t\t\t<\/div>\n\t\t\t\t<\/div>\n\t\t<div class=\"elementor-element elementor-element-0af783f e-con-full e-flex e-con e-child\" data-id=\"0af783f\" data-element_type=\"container\" data-e-type=\"container\">\n\t\t\t\t<div class=\"elementor-element elementor-element-c5f4f85 elementor-widget elementor-widget-heading\" data-id=\"c5f4f85\" data-element_type=\"widget\" data-e-type=\"widget\" data-widget_type=\"heading.default\">\n\t\t\t\t\t<h5 class=\"elementor-heading-title elementor-size-default\">Bogier f\u00f6r montering av dieselmotorer \/ power pack<\/h5>\t\t\t\t<\/div>\n\t\t\t\t<div class=\"elementor-element elementor-element-a8e668c elementor-widget elementor-widget-text-editor\" data-id=\"a8e668c\" data-element_type=\"widget\" data-e-type=\"widget\" data-widget_type=\"text-editor.default\">\n\t\t\t\t\t\t\t\t\t<p data-start=\"245\" data-end=\"389\">Specialdesignade bogier f\u00f6r s\u00e4ker och effektiv hantering vid montering och demontering av dieselmotorer och power pack-enheter i j\u00e4rnv\u00e4gsfordon.<\/p><p data-start=\"391\" data-end=\"674\">Konstruktionen \u00e4r byggd i kraftiga st\u00e5lkonstruktioner f\u00f6r h\u00f6g stabilitet och l\u00e5ng livsl\u00e4ngd i kr\u00e4vande verkstadsmilj\u00f6er. Bogierna m\u00f6jligg\u00f6r exakt positionering av motorpaketet vid installation eller servicearbete och kan anpassas efter olika fordonstyper och kundens specifika behov.<\/p><p data-start=\"676\" data-end=\"809\">Utrustningen bidrar till ett s\u00e4krare och mer ergonomiskt arbete vid underh\u00e5ll av dieselmotorer och drivpaket i dep\u00e5er och verkst\u00e4der.<\/p>\t\t\t\t\t\t\t\t<\/div>\n\t\t\t\t<\/div>\n\t\t\t\t<\/div>\n\t\t\t\t\t<\/div>\n\t\t\t\t<\/div>\n\t\t<div class=\"elementor-element elementor-element-524fa0f e-flex e-con-boxed e-con e-parent\" data-id=\"524fa0f\" data-element_type=\"container\" data-e-type=\"container\" data-settings=\"{&quot;background_background&quot;:&quot;classic&quot;}\">\n\t\t\t\t\t<div class=\"e-con-inner\">\n\t\t<div class=\"elementor-element elementor-element-0aa1ab2 e-con-full e-flex e-con e-child\" data-id=\"0aa1ab2\" data-element_type=\"container\" data-e-type=\"container\">\n\t\t\t\t<div class=\"elementor-element elementor-element-6a9f586 elementor-widget elementor-widget-heading\" data-id=\"6a9f586\" data-element_type=\"widget\" data-e-type=\"widget\" data-widget_type=\"heading.default\">\n\t\t\t\t\t<h2 class=\"elementor-heading-title elementor-size-default\">Skriv till oss f\u00f6r att bli kontaktad\n<\/h2>\t\t\t\t<\/div>\n\t\t\t\t<div class=\"elementor-element elementor-element-82c759c elementor-widget elementor-widget-button\" data-id=\"82c759c\" data-element_type=\"widget\" data-e-type=\"widget\" data-widget_type=\"button.default\">\n\t\t\t\t\t\t\t\t\t\t<a class=\"elementor-button elementor-button-link elementor-size-sm elementor-animation-wobble-to-top-right\" href=\"https:\/\/staging.grintechwebagency.com\/cespa\/contact-us\/\">\n\t\t\t\t\t\t<span class=\"elementor-button-content-wrapper\">\n\t\t\t\t\t\t\t\t\t<span class=\"elementor-button-text\">Kontakta oss<\/span>\n\t\t\t\t\t<\/span>\n\t\t\t\t\t<\/a>\n\t\t\t\t\t\t\t\t<\/div>\n\t\t\t\t<\/div>\n\t\t\t\t\t<\/div>\n\t\t\t\t<\/div>\n\t\t<div class=\"elementor-element elementor-element-483b5fe4 e-flex e-con-boxed e-con e-parent\" data-id=\"483b5fe4\" data-element_type=\"container\" data-e-type=\"container\">\n\t\t\t\t\t<div class=\"e-con-inner\">\n\t\t\t\t<div class=\"elementor-element elementor-element-5ea12eaf elementor-widget elementor-widget-heading\" data-id=\"5ea12eaf\" data-element_type=\"widget\" data-e-type=\"widget\" data-widget_type=\"heading.default\">\n\t\t\t\t\t<h2 class=\"elementor-heading-title elementor-size-default\">V\u00e5rt galleri<\/h2>\t\t\t\t<\/div>\n\t\t<div class=\"elementor-element elementor-element-136ee238 e-con-full e-flex e-con e-child\" data-id=\"136ee238\" data-element_type=\"container\" data-e-type=\"container\">\n\t\t\t\t<div class=\"elementor-element elementor-element-327ecd9e elementor-widget elementor-widget-gallery\" data-id=\"327ecd9e\" data-element_type=\"widget\" data-e-type=\"widget\" data-settings=\"{&quot;gallery_layout&quot;:&quot;justified&quot;,&quot;ideal_row_height&quot;:{&quot;unit&quot;:&quot;px&quot;,&quot;size&quot;:300,&quot;sizes&quot;:[]},&quot;image_hover_animation&quot;:&quot;move-contained-top&quot;,&quot;ideal_row_height_mobile&quot;:{&quot;unit&quot;:&quot;px&quot;,&quot;size&quot;:250,&quot;sizes&quot;:[]},&quot;lazyload&quot;:&quot;yes&quot;,&quot;ideal_row_height_laptop&quot;:{&quot;unit&quot;:&quot;px&quot;,&quot;size&quot;:150,&quot;sizes&quot;:[]},&quot;ideal_row_height_tablet_extra&quot;:{&quot;unit&quot;:&quot;px&quot;,&quot;size&quot;:150,&quot;sizes&quot;:[]},&quot;ideal_row_height_tablet&quot;:{&quot;unit&quot;:&quot;px&quot;,&quot;size&quot;:150,&quot;sizes&quot;:[]},&quot;gap&quot;:{&quot;unit&quot;:&quot;px&quot;,&quot;size&quot;:10,&quot;sizes&quot;:[]},&quot;gap_laptop&quot;:{&quot;unit&quot;:&quot;px&quot;,&quot;size&quot;:10,&quot;sizes&quot;:[]},&quot;gap_tablet_extra&quot;:{&quot;unit&quot;:&quot;px&quot;,&quot;size&quot;:10,&quot;sizes&quot;:[]},&quot;gap_tablet&quot;:{&quot;unit&quot;:&quot;px&quot;,&quot;size&quot;:10,&quot;sizes&quot;:[]},&quot;gap_mobile&quot;:{&quot;unit&quot;:&quot;px&quot;,&quot;size&quot;:10,&quot;sizes&quot;:[]},&quot;link_to&quot;:&quot;file&quot;,&quot;overlay_background&quot;:&quot;yes&quot;,&quot;content_hover_animation&quot;:&quot;fade-in&quot;}\" data-widget_type=\"gallery.default\">\n\t\t\t\t\t\t\t<div class=\"elementor-gallery__container\">\n\t\t\t\t\t\t\t<a class=\"e-gallery-item elementor-gallery-item elementor-animated-content\" href=\"https:\/\/staging.grintechwebagency.com\/cespa\/wp-content\/uploads\/2026\/02\/after-1.jpg\" data-elementor-open-lightbox=\"yes\" data-elementor-lightbox-slideshow=\"327ecd9e\" data-elementor-lightbox-title=\"after (1)\" data-e-action-hash=\"#elementor-action%3Aaction%3Dlightbox%26settings%3DeyJpZCI6MTM5NSwidXJsIjoiaHR0cHM6XC9cL3N0YWdpbmcuZ3JpbnRlY2h3ZWJhZ2VuY3kuY29tXC9jZXNwYVwvd3AtY29udGVudFwvdXBsb2Fkc1wvMjAyNlwvMDJcL2FmdGVyLTEuanBnIiwic2xpZGVzaG93IjoiMzI3ZWNkOWUifQ%3D%3D\">\n\t\t\t\t\t<div class=\"e-gallery-image elementor-gallery-item__image\" data-thumbnail=\"https:\/\/staging.grintechwebagency.com\/cespa\/wp-content\/uploads\/2026\/02\/after-1.jpg\" data-width=\"413\" data-height=\"232\" aria-label=\"\" role=\"img\" ><\/div>\n\t\t\t\t\t\t\t\t\t\t\t<div class=\"elementor-gallery-item__overlay\"><\/div>\n\t\t\t\t\t\t\t\t\t\t\t\t\t\t<\/a>\n\t\t\t\t\t\t\t<a class=\"e-gallery-item elementor-gallery-item elementor-animated-content\" href=\"https:\/\/staging.grintechwebagency.com\/cespa\/wp-content\/uploads\/2026\/02\/p26_96.png\" data-elementor-open-lightbox=\"yes\" data-elementor-lightbox-slideshow=\"327ecd9e\" data-elementor-lightbox-title=\"p26_96\" data-e-action-hash=\"#elementor-action%3Aaction%3Dlightbox%26settings%3DeyJpZCI6MTQxNCwidXJsIjoiaHR0cHM6XC9cL3N0YWdpbmcuZ3JpbnRlY2h3ZWJhZ2VuY3kuY29tXC9jZXNwYVwvd3AtY29udGVudFwvdXBsb2Fkc1wvMjAyNlwvMDJcL3AyNl85Ni5wbmciLCJzbGlkZXNob3ciOiIzMjdlY2Q5ZSJ9\">\n\t\t\t\t\t<div class=\"e-gallery-image elementor-gallery-item__image\" data-thumbnail=\"https:\/\/staging.grintechwebagency.com\/cespa\/wp-content\/uploads\/2026\/02\/p26_96.png\" data-width=\"750\" data-height=\"497\" aria-label=\"\" role=\"img\" ><\/div>\n\t\t\t\t\t\t\t\t\t\t\t<div class=\"elementor-gallery-item__overlay\"><\/div>\n\t\t\t\t\t\t\t\t\t\t\t\t\t\t<\/a>\n\t\t\t\t\t\t\t<a class=\"e-gallery-item elementor-gallery-item elementor-animated-content\" href=\"https:\/\/staging.grintechwebagency.com\/cespa\/wp-content\/uploads\/2026\/02\/after1-1.jpg\" data-elementor-open-lightbox=\"yes\" data-elementor-lightbox-slideshow=\"327ecd9e\" data-elementor-lightbox-title=\"after1 (1)\" data-e-action-hash=\"#elementor-action%3Aaction%3Dlightbox%26settings%3DeyJpZCI6MTQzMywidXJsIjoiaHR0cHM6XC9cL3N0YWdpbmcuZ3JpbnRlY2h3ZWJhZ2VuY3kuY29tXC9jZXNwYVwvd3AtY29udGVudFwvdXBsb2Fkc1wvMjAyNlwvMDJcL2FmdGVyMS0xLmpwZyIsInNsaWRlc2hvdyI6IjMyN2VjZDllIn0%3D\">\n\t\t\t\t\t<div class=\"e-gallery-image elementor-gallery-item__image\" data-thumbnail=\"https:\/\/staging.grintechwebagency.com\/cespa\/wp-content\/uploads\/2026\/02\/after1-1.jpg\" data-width=\"400\" data-height=\"225\" aria-label=\"\" role=\"img\" ><\/div>\n\t\t\t\t\t\t\t\t\t\t\t<div class=\"elementor-gallery-item__overlay\"><\/div>\n\t\t\t\t\t\t\t\t\t\t\t\t\t\t<\/a>\n\t\t\t\t\t\t\t<a class=\"e-gallery-item elementor-gallery-item elementor-animated-content\" href=\"https:\/\/staging.grintechwebagency.com\/cespa\/wp-content\/uploads\/2026\/02\/p35_140.png\" data-elementor-open-lightbox=\"yes\" data-elementor-lightbox-slideshow=\"327ecd9e\" data-elementor-lightbox-title=\"p35_140\" data-e-action-hash=\"#elementor-action%3Aaction%3Dlightbox%26settings%3DeyJpZCI6MTM1NCwidXJsIjoiaHR0cHM6XC9cL3N0YWdpbmcuZ3JpbnRlY2h3ZWJhZ2VuY3kuY29tXC9jZXNwYVwvd3AtY29udGVudFwvdXBsb2Fkc1wvMjAyNlwvMDJcL3AzNV8xNDAucG5nIiwic2xpZGVzaG93IjoiMzI3ZWNkOWUifQ%3D%3D\">\n\t\t\t\t\t<div class=\"e-gallery-image elementor-gallery-item__image\" data-thumbnail=\"https:\/\/staging.grintechwebagency.com\/cespa\/wp-content\/uploads\/2026\/02\/p35_140.png\" data-width=\"801\" data-height=\"386\" aria-label=\"\" role=\"img\" ><\/div>\n\t\t\t\t\t\t\t\t\t\t\t<div class=\"elementor-gallery-item__overlay\"><\/div>\n\t\t\t\t\t\t\t\t\t\t\t\t\t\t<\/a>\n\t\t\t\t\t\t\t<a class=\"e-gallery-item elementor-gallery-item elementor-animated-content\" href=\"https:\/\/staging.grintechwebagency.com\/cespa\/wp-content\/uploads\/2026\/02\/p22_80.png\" data-elementor-open-lightbox=\"yes\" data-elementor-lightbox-slideshow=\"327ecd9e\" data-elementor-lightbox-title=\"p22_80\" data-e-action-hash=\"#elementor-action%3Aaction%3Dlightbox%26settings%3DeyJpZCI6MTMzOCwidXJsIjoiaHR0cHM6XC9cL3N0YWdpbmcuZ3JpbnRlY2h3ZWJhZ2VuY3kuY29tXC9jZXNwYVwvd3AtY29udGVudFwvdXBsb2Fkc1wvMjAyNlwvMDJcL3AyMl84MC5wbmciLCJzbGlkZXNob3ciOiIzMjdlY2Q5ZSJ9\">\n\t\t\t\t\t<div class=\"e-gallery-image elementor-gallery-item__image\" data-thumbnail=\"https:\/\/staging.grintechwebagency.com\/cespa\/wp-content\/uploads\/2026\/02\/p22_80.png\" data-width=\"452\" data-height=\"296\" aria-label=\"\" role=\"img\" ><\/div>\n\t\t\t\t\t\t\t\t\t\t\t<div class=\"elementor-gallery-item__overlay\"><\/div>\n\t\t\t\t\t\t\t\t\t\t\t\t\t\t<\/a>\n\t\t\t\t\t\t\t<a class=\"e-gallery-item elementor-gallery-item elementor-animated-content\" href=\"https:\/\/staging.grintechwebagency.com\/cespa\/wp-content\/uploads\/2026\/02\/p16_45.png\" data-elementor-open-lightbox=\"yes\" data-elementor-lightbox-slideshow=\"327ecd9e\" data-elementor-lightbox-title=\"p16_45\" data-e-action-hash=\"#elementor-action%3Aaction%3Dlightbox%26settings%3DeyJpZCI6MTI4NywidXJsIjoiaHR0cHM6XC9cL3N0YWdpbmcuZ3JpbnRlY2h3ZWJhZ2VuY3kuY29tXC9jZXNwYVwvd3AtY29udGVudFwvdXBsb2Fkc1wvMjAyNlwvMDJcL3AxNl80NS5wbmciLCJzbGlkZXNob3ciOiIzMjdlY2Q5ZSJ9\">\n\t\t\t\t\t<div class=\"e-gallery-image elementor-gallery-item__image\" data-thumbnail=\"https:\/\/staging.grintechwebagency.com\/cespa\/wp-content\/uploads\/2026\/02\/p16_45.png\" data-width=\"990\" data-height=\"660\" aria-label=\"\" role=\"img\" ><\/div>\n\t\t\t\t\t\t\t\t\t\t\t<div class=\"elementor-gallery-item__overlay\"><\/div>\n\t\t\t\t\t\t\t\t\t\t\t\t\t\t<\/a>\n\t\t\t\t\t\t\t<a class=\"e-gallery-item elementor-gallery-item elementor-animated-content\" href=\"https:\/\/staging.grintechwebagency.com\/cespa\/wp-content\/uploads\/2026\/02\/p17_50.png\" data-elementor-open-lightbox=\"yes\" data-elementor-lightbox-slideshow=\"327ecd9e\" data-elementor-lightbox-title=\"p17_50\" data-e-action-hash=\"#elementor-action%3Aaction%3Dlightbox%26settings%3DeyJpZCI6MTE4NiwidXJsIjoiaHR0cHM6XC9cL3N0YWdpbmcuZ3JpbnRlY2h3ZWJhZ2VuY3kuY29tXC9jZXNwYVwvd3AtY29udGVudFwvdXBsb2Fkc1wvMjAyNlwvMDJcL3AxN181MC5wbmciLCJzbGlkZXNob3ciOiIzMjdlY2Q5ZSJ9\">\n\t\t\t\t\t<div class=\"e-gallery-image elementor-gallery-item__image\" data-thumbnail=\"https:\/\/staging.grintechwebagency.com\/cespa\/wp-content\/uploads\/2026\/02\/p17_50.png\" data-width=\"304\" data-height=\"405\" aria-label=\"\" role=\"img\" ><\/div>\n\t\t\t\t\t\t\t\t\t\t\t<div class=\"elementor-gallery-item__overlay\"><\/div>\n\t\t\t\t\t\t\t\t\t\t\t\t\t\t<\/a>\n\t\t\t\t\t\t\t<a class=\"e-gallery-item elementor-gallery-item elementor-animated-content\" href=\"https:\/\/staging.grintechwebagency.com\/cespa\/wp-content\/uploads\/2026\/02\/p13_35.png\" data-elementor-open-lightbox=\"yes\" data-elementor-lightbox-slideshow=\"327ecd9e\" data-elementor-lightbox-title=\"p13_35\" data-e-action-hash=\"#elementor-action%3Aaction%3Dlightbox%26settings%3DeyJpZCI6MTMzNiwidXJsIjoiaHR0cHM6XC9cL3N0YWdpbmcuZ3JpbnRlY2h3ZWJhZ2VuY3kuY29tXC9jZXNwYVwvd3AtY29udGVudFwvdXBsb2Fkc1wvMjAyNlwvMDJcL3AxM18zNS5wbmciLCJzbGlkZXNob3ciOiIzMjdlY2Q5ZSJ9\">\n\t\t\t\t\t<div class=\"e-gallery-image elementor-gallery-item__image\" data-thumbnail=\"https:\/\/staging.grintechwebagency.com\/cespa\/wp-content\/uploads\/2026\/02\/p13_35.png\" data-width=\"727\" data-height=\"409\" aria-label=\"\" role=\"img\" ><\/div>\n\t\t\t\t\t\t\t\t\t\t\t<div class=\"elementor-gallery-item__overlay\"><\/div>\n\t\t\t\t\t\t\t\t\t\t\t\t\t\t<\/a>\n\t\t\t\t\t\t\t<a class=\"e-gallery-item elementor-gallery-item elementor-animated-content\" href=\"https:\/\/staging.grintechwebagency.com\/cespa\/wp-content\/uploads\/2026\/02\/c7.jpeg\" data-elementor-open-lightbox=\"yes\" data-elementor-lightbox-slideshow=\"327ecd9e\" data-elementor-lightbox-title=\"c7\" data-e-action-hash=\"#elementor-action%3Aaction%3Dlightbox%26settings%3DeyJpZCI6MTI3MSwidXJsIjoiaHR0cHM6XC9cL3N0YWdpbmcuZ3JpbnRlY2h3ZWJhZ2VuY3kuY29tXC9jZXNwYVwvd3AtY29udGVudFwvdXBsb2Fkc1wvMjAyNlwvMDJcL2M3LmpwZWciLCJzbGlkZXNob3ciOiIzMjdlY2Q5ZSJ9\">\n\t\t\t\t\t<div class=\"e-gallery-image elementor-gallery-item__image\" data-thumbnail=\"https:\/\/staging.grintechwebagency.com\/cespa\/wp-content\/uploads\/2026\/02\/c7.jpeg\" data-width=\"554\" data-height=\"425\" aria-label=\"\" role=\"img\" ><\/div>\n\t\t\t\t\t\t\t\t\t\t\t<div class=\"elementor-gallery-item__overlay\"><\/div>\n\t\t\t\t\t\t\t\t\t\t\t\t\t\t<\/a>\n\t\t\t\t\t<\/div>\n\t\t\t\t\t<\/div>\n\t\t\t\t<\/div>\n\t\t\t\t\t<\/div>\n\t\t\t\t<\/div>\n\t\t\t\t<\/div>\n\t\t","protected":false},"excerpt":{"rendered":"<p>LYFT &amp; HANTERING CESPA TILLVERKAR ETT BRETT UTBUD AV HANTERINGS- OCH LYFTUTRUSTNING F\u00d6R BYGG- OCH UNDERH\u00c5LLSVERKST\u00c4DER F\u00d6R J\u00c4RNV\u00c4GSMATERIAL. Sj\u00e4lvg\u00e5ende lyftplattform f\u00f6r demontering av AGU (Air Generation Unit) Sj\u00e4lvg\u00e5ende lyftplattform utvecklad f\u00f6r s\u00e4ker och effektiv demontering samt installation av AGU-enheter (Air Generation Unit) p\u00e5 j\u00e4rnv\u00e4gsfordon. Plattformen m\u00f6jligg\u00f6r exakt positionering och stabil hantering av komponenter vid underh\u00e5lls- [&hellip;]<\/p>\n","protected":false},"author":1,"featured_media":0,"parent":0,"menu_order":0,"comment_status":"closed","ping_status":"closed","template":"","meta":{"footnotes":""},"class_list":["post-1166","page","type-page","status-publish","hentry"],"_links":{"self":[{"href":"https:\/\/staging.grintechwebagency.com\/cespa\/wp-json\/wp\/v2\/pages\/1166","targetHints":{"allow":["GET"]}}],"collection":[{"href":"https:\/\/staging.grintechwebagency.com\/cespa\/wp-json\/wp\/v2\/pages"}],"about":[{"href":"https:\/\/staging.grintechwebagency.com\/cespa\/wp-json\/wp\/v2\/types\/page"}],"author":[{"embeddable":true,"href":"https:\/\/staging.grintechwebagency.com\/cespa\/wp-json\/wp\/v2\/users\/1"}],"replies":[{"embeddable":true,"href":"https:\/\/staging.grintechwebagency.com\/cespa\/wp-json\/wp\/v2\/comments?post=1166"}],"version-history":[{"count":117,"href":"https:\/\/staging.grintechwebagency.com\/cespa\/wp-json\/wp\/v2\/pages\/1166\/revisions"}],"predecessor-version":[{"id":3359,"href":"https:\/\/staging.grintechwebagency.com\/cespa\/wp-json\/wp\/v2\/pages\/1166\/revisions\/3359"}],"wp:attachment":[{"href":"https:\/\/staging.grintechwebagency.com\/cespa\/wp-json\/wp\/v2\/media?parent=1166"}],"curies":[{"name":"wp","href":"https:\/\/api.w.org\/{rel}","templated":true}]}}