{"id":1162,"date":"2026-02-02T11:21:14","date_gmt":"2026-02-02T11:21:14","guid":{"rendered":"https:\/\/grincloudhost.com\/wp-sites\/cespa\/?page_id=1162"},"modified":"2026-03-03T08:13:24","modified_gmt":"2026-03-03T08:13:24","slug":"boggies","status":"publish","type":"page","link":"https:\/\/staging.grintechwebagency.com\/cespa\/boggies\/","title":{"rendered":"BOGGIES"},"content":{"rendered":"\t\t<div data-elementor-type=\"wp-page\" data-elementor-id=\"1162\" class=\"elementor elementor-1162\" data-elementor-post-type=\"page\">\n\t\t\t\t<div class=\"elementor-element elementor-element-f486e7b e-flex e-con-boxed e-con e-parent\" data-id=\"f486e7b\" data-element_type=\"container\" data-e-type=\"container\" data-settings=\"{&quot;background_background&quot;:&quot;classic&quot;}\">\n\t\t\t\t\t<div class=\"e-con-inner\">\n\t\t\t\t<div class=\"elementor-element elementor-element-be6f652 elementor-widget elementor-widget-heading\" data-id=\"be6f652\" data-element_type=\"widget\" data-e-type=\"widget\" data-widget_type=\"heading.default\">\n\t\t\t\t\t<h1 class=\"elementor-heading-title elementor-size-default\">BOGGIES<\/h1>\t\t\t\t<\/div>\n\t\t\t\t\t<\/div>\n\t\t\t\t<\/div>\n\t\t<div class=\"elementor-element elementor-element-e45c3d0 e-flex e-con-boxed e-con e-parent\" data-id=\"e45c3d0\" data-element_type=\"container\" data-e-type=\"container\">\n\t\t\t\t\t<div class=\"e-con-inner\">\n\t\t\t\t<div class=\"elementor-element elementor-element-f4028a0 elementor-widget__width-initial elementor-widget-tablet__width-initial elementor-widget elementor-widget-text-editor\" data-id=\"f4028a0\" data-element_type=\"widget\" data-e-type=\"widget\" data-widget_type=\"text-editor.default\">\n\t\t\t\t\t\t\t\t\t<p>CESPA tillverkar ett brett sortiment av universella dummyboggier f\u00f6r st\u00f6d och hantering av vagnskorgar under tillverknings- och\/eller \u00f6versynsprocesser, med en lastkapacitet upp till 40 ton.<\/p>\t\t\t\t\t\t\t\t<\/div>\n\t\t<div class=\"elementor-element elementor-element-07e3528 e-con-full e-flex e-con e-child\" data-id=\"07e3528\" data-element_type=\"container\" data-e-type=\"container\">\n\t\t<div class=\"elementor-element elementor-element-d109726 e-con-full e-flex e-con e-child\" data-id=\"d109726\" data-element_type=\"container\" data-e-type=\"container\">\n\t\t\t\t<div class=\"elementor-element elementor-element-a4d4c0e elementor-widget elementor-widget-image\" data-id=\"a4d4c0e\" data-element_type=\"widget\" data-e-type=\"widget\" data-widget_type=\"image.default\">\n\t\t\t\t\t\t\t\t\t\t\t\t\t\t\t<img fetchpriority=\"high\" decoding=\"async\" width=\"1594\" height=\"756\" src=\"https:\/\/staging.grintechwebagency.com\/cespa\/wp-content\/uploads\/2026\/02\/p34_135_processed.png\" class=\"attachment-full size-full wp-image-2848\" alt=\"\" srcset=\"https:\/\/staging.grintechwebagency.com\/cespa\/wp-content\/uploads\/2026\/02\/p34_135_processed.png 1594w, https:\/\/staging.grintechwebagency.com\/cespa\/wp-content\/uploads\/2026\/02\/p34_135_processed-300x142.png 300w, https:\/\/staging.grintechwebagency.com\/cespa\/wp-content\/uploads\/2026\/02\/p34_135_processed-1024x486.png 1024w, https:\/\/staging.grintechwebagency.com\/cespa\/wp-content\/uploads\/2026\/02\/p34_135_processed-768x364.png 768w, https:\/\/staging.grintechwebagency.com\/cespa\/wp-content\/uploads\/2026\/02\/p34_135_processed-1536x728.png 1536w\" sizes=\"(max-width: 1594px) 100vw, 1594px\" \/>\t\t\t\t\t\t\t\t\t\t\t\t\t\t\t<\/div>\n\t\t\t\t<\/div>\n\t\t<div class=\"elementor-element elementor-element-3af3a69 e-con-full e-flex e-con e-child\" data-id=\"3af3a69\" data-element_type=\"container\" data-e-type=\"container\">\n\t\t\t\t<div class=\"elementor-element elementor-element-8a11bfb elementor-widget elementor-widget-text-editor\" data-id=\"8a11bfb\" data-element_type=\"widget\" data-e-type=\"widget\" data-widget_type=\"text-editor.default\">\n\t\t\t\t\t\t\t\t\t<p>Universalboggiernas basstruktur kan anpassas f\u00f6r olika typer av rullande materiel och \u00e4r utrustad med en fast \u00f6vre tv\u00e4rbalk. Konstruktionen m\u00f6jligg\u00f6r f\u00f6rflyttning p\u00e5 raka sp\u00e5r samt via vridbord f\u00f6r passage i kurvade sp\u00e5rsektioner.<\/p>\t\t\t\t\t\t\t\t<\/div>\n\t\t\t\t<\/div>\n\t\t\t\t<\/div>\n\t\t<div class=\"elementor-element elementor-element-40827db e-con-full e-flex e-con e-child\" data-id=\"40827db\" data-element_type=\"container\" data-e-type=\"container\">\n\t\t<div class=\"elementor-element elementor-element-60eea46 e-con-full e-flex e-con e-child\" data-id=\"60eea46\" data-element_type=\"container\" data-e-type=\"container\">\n\t\t\t\t<div class=\"elementor-element elementor-element-ade35d1 elementor-widget elementor-widget-image\" data-id=\"ade35d1\" data-element_type=\"widget\" data-e-type=\"widget\" data-widget_type=\"image.default\">\n\t\t\t\t\t\t\t\t\t\t\t\t\t\t\t<img decoding=\"async\" width=\"748\" height=\"468\" src=\"https:\/\/staging.grintechwebagency.com\/cespa\/wp-content\/uploads\/2026\/02\/p35_139.png\" class=\"attachment-full size-full wp-image-1353\" alt=\"\" srcset=\"https:\/\/staging.grintechwebagency.com\/cespa\/wp-content\/uploads\/2026\/02\/p35_139.png 748w, https:\/\/staging.grintechwebagency.com\/cespa\/wp-content\/uploads\/2026\/02\/p35_139-300x188.png 300w\" sizes=\"(max-width: 748px) 100vw, 748px\" \/>\t\t\t\t\t\t\t\t\t\t\t\t\t\t\t<\/div>\n\t\t\t\t<\/div>\n\t\t<div class=\"elementor-element elementor-element-79f3f76 e-con-full e-flex e-con e-child\" data-id=\"79f3f76\" data-element_type=\"container\" data-e-type=\"container\">\n\t\t\t\t<div class=\"elementor-element elementor-element-4ad3282 elementor-widget elementor-widget-text-editor\" data-id=\"4ad3282\" data-element_type=\"widget\" data-e-type=\"widget\" data-widget_type=\"text-editor.default\">\n\t\t\t\t\t\t\t\t\t<p data-start=\"398\" data-end=\"611\">Dummyboggierna \u00e4r konstruerade i elektrosvetsade st\u00e5lkonstruktioner med robust dimensionering och mekaniska komponenter med h\u00f6g s\u00e4kerhetsfaktor, vilket garanterar maximal drifts\u00e4kerhet och h\u00e5llbarhet \u00f6ver tid.<\/p>\t\t\t\t\t\t\t\t<\/div>\n\t\t\t\t<\/div>\n\t\t\t\t<\/div>\n\t\t<div class=\"elementor-element elementor-element-80c1ae2 e-con-full e-flex e-con e-child\" data-id=\"80c1ae2\" data-element_type=\"container\" data-e-type=\"container\">\n\t\t<div class=\"elementor-element elementor-element-aa382de e-con-full e-flex e-con e-child\" data-id=\"aa382de\" data-element_type=\"container\" data-e-type=\"container\">\n\t\t\t\t<div class=\"elementor-element elementor-element-2610961 elementor-widget elementor-widget-image\" data-id=\"2610961\" data-element_type=\"widget\" data-e-type=\"widget\" data-widget_type=\"image.default\">\n\t\t\t\t\t\t\t\t\t\t\t\t\t\t\t<img decoding=\"async\" width=\"1250\" height=\"820\" src=\"https:\/\/staging.grintechwebagency.com\/cespa\/wp-content\/uploads\/2026\/02\/p39_155_processed.png\" class=\"attachment-full size-full wp-image-2847\" alt=\"\" srcset=\"https:\/\/staging.grintechwebagency.com\/cespa\/wp-content\/uploads\/2026\/02\/p39_155_processed.png 1250w, https:\/\/staging.grintechwebagency.com\/cespa\/wp-content\/uploads\/2026\/02\/p39_155_processed-300x197.png 300w, https:\/\/staging.grintechwebagency.com\/cespa\/wp-content\/uploads\/2026\/02\/p39_155_processed-1024x672.png 1024w, https:\/\/staging.grintechwebagency.com\/cespa\/wp-content\/uploads\/2026\/02\/p39_155_processed-768x504.png 768w\" sizes=\"(max-width: 1250px) 100vw, 1250px\" \/>\t\t\t\t\t\t\t\t\t\t\t\t\t\t\t<\/div>\n\t\t\t\t<\/div>\n\t\t<div class=\"elementor-element elementor-element-efa02ae e-con-full e-flex e-con e-child\" data-id=\"efa02ae\" data-element_type=\"container\" data-e-type=\"container\">\n\t\t\t\t<div class=\"elementor-element elementor-element-84e666f elementor-widget elementor-widget-text-editor\" data-id=\"84e666f\" data-element_type=\"widget\" data-e-type=\"widget\" data-widget_type=\"text-editor.default\">\n\t\t\t\t\t\t\t\t\t<p data-start=\"153\" data-end=\"215\"><strong data-start=\"153\" data-end=\"215\">R\u00e4ddningsboggier f\u00f6r fordon med l\u00e5st eller skadad drivaxel<\/strong><\/p><p data-start=\"217\" data-end=\"483\">R\u00e4ddningsboggier anv\u00e4nds f\u00f6r s\u00e4ker f\u00f6rflyttning och evakuering av j\u00e4rnv\u00e4gsfordon med blockerade axlar eller skadade drivsystem. De m\u00f6jligg\u00f6r transport av fordon som annars inte kan rulla f\u00f6r egen kraft, exempelvis efter driftstopp, mekaniska fel eller olyckstillbud.<\/p><p data-start=\"485\" data-end=\"724\">Systemet placeras snabbt under fordonets hjul eller boggi och avlastar den skadade axeln, vilket g\u00f6r det m\u00f6jligt att bogsera fordonet till verkstad eller s\u00e4ker uppst\u00e4llningsplats utan ytterligare skador p\u00e5 hjul, r\u00e4ls eller drivkomponenter.<\/p><p data-start=\"726\" data-end=\"1014\">R\u00e4ddningsboggierna \u00e4r konstruerade f\u00f6r h\u00f6g lastkapacitet och stabil drift, med robust st\u00e5lkonstruktion och enkel hantering f\u00f6r effektiv anv\u00e4ndning i dep\u00e5- och r\u00e4ddningssituationer. L\u00f6sningen bidrar till kortare stillest\u00e5ndstid och \u00f6kad s\u00e4kerhet vid hantering av havererade j\u00e4rnv\u00e4gsfordon.<\/p>\t\t\t\t\t\t\t\t<\/div>\n\t\t\t\t<\/div>\n\t\t\t\t<\/div>\n\t\t\t\t\t<\/div>\n\t\t\t\t<\/div>\n\t\t<div class=\"elementor-element elementor-element-4c3ff846 e-flex e-con-boxed e-con e-parent\" data-id=\"4c3ff846\" data-element_type=\"container\" data-e-type=\"container\">\n\t\t\t\t\t<div class=\"e-con-inner\">\n\t\t\t\t<div class=\"elementor-element elementor-element-6bee732c elementor-widget elementor-widget-heading\" data-id=\"6bee732c\" data-element_type=\"widget\" data-e-type=\"widget\" data-widget_type=\"heading.default\">\n\t\t\t\t\t<h2 class=\"elementor-heading-title elementor-size-default\">V\u00e5rt galleri<\/h2>\t\t\t\t<\/div>\n\t\t<div class=\"elementor-element elementor-element-4d224816 e-con-full e-flex e-con e-child\" data-id=\"4d224816\" data-element_type=\"container\" data-e-type=\"container\">\n\t\t\t\t<div class=\"elementor-element elementor-element-2f64cb5f elementor-widget elementor-widget-gallery\" data-id=\"2f64cb5f\" data-element_type=\"widget\" data-e-type=\"widget\" data-settings=\"{&quot;gallery_layout&quot;:&quot;justified&quot;,&quot;ideal_row_height&quot;:{&quot;unit&quot;:&quot;px&quot;,&quot;size&quot;:300,&quot;sizes&quot;:[]},&quot;image_hover_animation&quot;:&quot;move-contained-top&quot;,&quot;ideal_row_height_mobile&quot;:{&quot;unit&quot;:&quot;px&quot;,&quot;size&quot;:250,&quot;sizes&quot;:[]},&quot;lazyload&quot;:&quot;yes&quot;,&quot;ideal_row_height_laptop&quot;:{&quot;unit&quot;:&quot;px&quot;,&quot;size&quot;:150,&quot;sizes&quot;:[]},&quot;ideal_row_height_tablet_extra&quot;:{&quot;unit&quot;:&quot;px&quot;,&quot;size&quot;:150,&quot;sizes&quot;:[]},&quot;ideal_row_height_tablet&quot;:{&quot;unit&quot;:&quot;px&quot;,&quot;size&quot;:150,&quot;sizes&quot;:[]},&quot;gap&quot;:{&quot;unit&quot;:&quot;px&quot;,&quot;size&quot;:10,&quot;sizes&quot;:[]},&quot;gap_laptop&quot;:{&quot;unit&quot;:&quot;px&quot;,&quot;size&quot;:10,&quot;sizes&quot;:[]},&quot;gap_tablet_extra&quot;:{&quot;unit&quot;:&quot;px&quot;,&quot;size&quot;:10,&quot;sizes&quot;:[]},&quot;gap_tablet&quot;:{&quot;unit&quot;:&quot;px&quot;,&quot;size&quot;:10,&quot;sizes&quot;:[]},&quot;gap_mobile&quot;:{&quot;unit&quot;:&quot;px&quot;,&quot;size&quot;:10,&quot;sizes&quot;:[]},&quot;link_to&quot;:&quot;file&quot;,&quot;overlay_background&quot;:&quot;yes&quot;,&quot;content_hover_animation&quot;:&quot;fade-in&quot;}\" data-widget_type=\"gallery.default\">\n\t\t\t\t\t\t\t<div class=\"elementor-gallery__container\">\n\t\t\t\t\t\t\t<a class=\"e-gallery-item elementor-gallery-item elementor-animated-content\" href=\"https:\/\/staging.grintechwebagency.com\/cespa\/wp-content\/uploads\/2026\/02\/p26_96.png\" data-elementor-open-lightbox=\"yes\" data-elementor-lightbox-slideshow=\"2f64cb5f\" data-elementor-lightbox-title=\"p26_96\" data-e-action-hash=\"#elementor-action%3Aaction%3Dlightbox%26settings%3DeyJpZCI6MTQxNCwidXJsIjoiaHR0cHM6XC9cL3N0YWdpbmcuZ3JpbnRlY2h3ZWJhZ2VuY3kuY29tXC9jZXNwYVwvd3AtY29udGVudFwvdXBsb2Fkc1wvMjAyNlwvMDJcL3AyNl85Ni5wbmciLCJzbGlkZXNob3ciOiIyZjY0Y2I1ZiJ9\">\n\t\t\t\t\t<div class=\"e-gallery-image elementor-gallery-item__image\" data-thumbnail=\"https:\/\/staging.grintechwebagency.com\/cespa\/wp-content\/uploads\/2026\/02\/p26_96.png\" data-width=\"750\" data-height=\"497\" aria-label=\"\" role=\"img\" ><\/div>\n\t\t\t\t\t\t\t\t\t\t\t<div class=\"elementor-gallery-item__overlay\"><\/div>\n\t\t\t\t\t\t\t\t\t\t\t\t\t\t<\/a>\n\t\t\t\t\t\t\t<a class=\"e-gallery-item elementor-gallery-item elementor-animated-content\" href=\"https:\/\/staging.grintechwebagency.com\/cespa\/wp-content\/uploads\/2026\/02\/p25_93.png\" data-elementor-open-lightbox=\"yes\" data-elementor-lightbox-slideshow=\"2f64cb5f\" data-elementor-lightbox-title=\"p25_93\" data-e-action-hash=\"#elementor-action%3Aaction%3Dlightbox%26settings%3DeyJpZCI6MTQxMywidXJsIjoiaHR0cHM6XC9cL3N0YWdpbmcuZ3JpbnRlY2h3ZWJhZ2VuY3kuY29tXC9jZXNwYVwvd3AtY29udGVudFwvdXBsb2Fkc1wvMjAyNlwvMDJcL3AyNV85My5wbmciLCJzbGlkZXNob3ciOiIyZjY0Y2I1ZiJ9\">\n\t\t\t\t\t<div class=\"e-gallery-image elementor-gallery-item__image\" data-thumbnail=\"https:\/\/staging.grintechwebagency.com\/cespa\/wp-content\/uploads\/2026\/02\/p25_93.png\" data-width=\"365\" data-height=\"487\" aria-label=\"\" role=\"img\" ><\/div>\n\t\t\t\t\t\t\t\t\t\t\t<div class=\"elementor-gallery-item__overlay\"><\/div>\n\t\t\t\t\t\t\t\t\t\t\t\t\t\t<\/a>\n\t\t\t\t\t\t\t<a class=\"e-gallery-item elementor-gallery-item elementor-animated-content\" href=\"https:\/\/staging.grintechwebagency.com\/cespa\/wp-content\/uploads\/2026\/02\/p25_92.png\" data-elementor-open-lightbox=\"yes\" data-elementor-lightbox-slideshow=\"2f64cb5f\" data-elementor-lightbox-title=\"p25_92\" data-e-action-hash=\"#elementor-action%3Aaction%3Dlightbox%26settings%3DeyJpZCI6MTQxMiwidXJsIjoiaHR0cHM6XC9cL3N0YWdpbmcuZ3JpbnRlY2h3ZWJhZ2VuY3kuY29tXC9jZXNwYVwvd3AtY29udGVudFwvdXBsb2Fkc1wvMjAyNlwvMDJcL3AyNV85Mi5wbmciLCJzbGlkZXNob3ciOiIyZjY0Y2I1ZiJ9\">\n\t\t\t\t\t<div class=\"e-gallery-image elementor-gallery-item__image\" data-thumbnail=\"https:\/\/staging.grintechwebagency.com\/cespa\/wp-content\/uploads\/2026\/02\/p25_92.png\" data-width=\"363\" data-height=\"487\" aria-label=\"\" role=\"img\" ><\/div>\n\t\t\t\t\t\t\t\t\t\t\t<div class=\"elementor-gallery-item__overlay\"><\/div>\n\t\t\t\t\t\t\t\t\t\t\t\t\t\t<\/a>\n\t\t\t\t\t\t\t<a class=\"e-gallery-item elementor-gallery-item elementor-animated-content\" href=\"https:\/\/staging.grintechwebagency.com\/cespa\/wp-content\/uploads\/2026\/02\/p35_140.png\" data-elementor-open-lightbox=\"yes\" data-elementor-lightbox-slideshow=\"2f64cb5f\" data-elementor-lightbox-title=\"p35_140\" data-e-action-hash=\"#elementor-action%3Aaction%3Dlightbox%26settings%3DeyJpZCI6MTM1NCwidXJsIjoiaHR0cHM6XC9cL3N0YWdpbmcuZ3JpbnRlY2h3ZWJhZ2VuY3kuY29tXC9jZXNwYVwvd3AtY29udGVudFwvdXBsb2Fkc1wvMjAyNlwvMDJcL3AzNV8xNDAucG5nIiwic2xpZGVzaG93IjoiMmY2NGNiNWYifQ%3D%3D\">\n\t\t\t\t\t<div class=\"e-gallery-image elementor-gallery-item__image\" data-thumbnail=\"https:\/\/staging.grintechwebagency.com\/cespa\/wp-content\/uploads\/2026\/02\/p35_140.png\" data-width=\"801\" data-height=\"386\" aria-label=\"\" role=\"img\" ><\/div>\n\t\t\t\t\t\t\t\t\t\t\t<div class=\"elementor-gallery-item__overlay\"><\/div>\n\t\t\t\t\t\t\t\t\t\t\t\t\t\t<\/a>\n\t\t\t\t\t\t\t<a class=\"e-gallery-item elementor-gallery-item elementor-animated-content\" href=\"https:\/\/staging.grintechwebagency.com\/cespa\/wp-content\/uploads\/2026\/02\/p25_91.png\" data-elementor-open-lightbox=\"yes\" data-elementor-lightbox-slideshow=\"2f64cb5f\" data-elementor-lightbox-title=\"p25_91\" data-e-action-hash=\"#elementor-action%3Aaction%3Dlightbox%26settings%3DeyJpZCI6MTM2MCwidXJsIjoiaHR0cHM6XC9cL3N0YWdpbmcuZ3JpbnRlY2h3ZWJhZ2VuY3kuY29tXC9jZXNwYVwvd3AtY29udGVudFwvdXBsb2Fkc1wvMjAyNlwvMDJcL3AyNV85MS5wbmciLCJzbGlkZXNob3ciOiIyZjY0Y2I1ZiJ9\">\n\t\t\t\t\t<div class=\"e-gallery-image elementor-gallery-item__image\" data-thumbnail=\"https:\/\/staging.grintechwebagency.com\/cespa\/wp-content\/uploads\/2026\/02\/p25_91.png\" data-width=\"587\" data-height=\"487\" aria-label=\"\" role=\"img\" ><\/div>\n\t\t\t\t\t\t\t\t\t\t\t<div class=\"elementor-gallery-item__overlay\"><\/div>\n\t\t\t\t\t\t\t\t\t\t\t\t\t\t<\/a>\n\t\t\t\t\t\t\t<a class=\"e-gallery-item elementor-gallery-item elementor-animated-content\" href=\"https:\/\/staging.grintechwebagency.com\/cespa\/wp-content\/uploads\/2026\/02\/p16_45.png\" data-elementor-open-lightbox=\"yes\" data-elementor-lightbox-slideshow=\"2f64cb5f\" data-elementor-lightbox-title=\"p16_45\" data-e-action-hash=\"#elementor-action%3Aaction%3Dlightbox%26settings%3DeyJpZCI6MTI4NywidXJsIjoiaHR0cHM6XC9cL3N0YWdpbmcuZ3JpbnRlY2h3ZWJhZ2VuY3kuY29tXC9jZXNwYVwvd3AtY29udGVudFwvdXBsb2Fkc1wvMjAyNlwvMDJcL3AxNl80NS5wbmciLCJzbGlkZXNob3ciOiIyZjY0Y2I1ZiJ9\">\n\t\t\t\t\t<div class=\"e-gallery-image elementor-gallery-item__image\" data-thumbnail=\"https:\/\/staging.grintechwebagency.com\/cespa\/wp-content\/uploads\/2026\/02\/p16_45.png\" data-width=\"990\" data-height=\"660\" aria-label=\"\" role=\"img\" ><\/div>\n\t\t\t\t\t\t\t\t\t\t\t<div class=\"elementor-gallery-item__overlay\"><\/div>\n\t\t\t\t\t\t\t\t\t\t\t\t\t\t<\/a>\n\t\t\t\t\t\t\t<a class=\"e-gallery-item elementor-gallery-item elementor-animated-content\" href=\"https:\/\/staging.grintechwebagency.com\/cespa\/wp-content\/uploads\/2026\/02\/image.png\" data-elementor-open-lightbox=\"yes\" data-elementor-lightbox-slideshow=\"2f64cb5f\" data-elementor-lightbox-title=\"image\" data-e-action-hash=\"#elementor-action%3Aaction%3Dlightbox%26settings%3DeyJpZCI6MTI3OCwidXJsIjoiaHR0cHM6XC9cL3N0YWdpbmcuZ3JpbnRlY2h3ZWJhZ2VuY3kuY29tXC9jZXNwYVwvd3AtY29udGVudFwvdXBsb2Fkc1wvMjAyNlwvMDJcL2ltYWdlLnBuZyIsInNsaWRlc2hvdyI6IjJmNjRjYjVmIn0%3D\">\n\t\t\t\t\t<div class=\"e-gallery-image elementor-gallery-item__image\" data-thumbnail=\"https:\/\/staging.grintechwebagency.com\/cespa\/wp-content\/uploads\/2026\/02\/image.png\" data-width=\"1920\" data-height=\"600\" aria-label=\"\" role=\"img\" ><\/div>\n\t\t\t\t\t\t\t\t\t\t\t<div class=\"elementor-gallery-item__overlay\"><\/div>\n\t\t\t\t\t\t\t\t\t\t\t\t\t\t<\/a>\n\t\t\t\t\t\t\t<a class=\"e-gallery-item elementor-gallery-item elementor-animated-content\" href=\"https:\/\/staging.grintechwebagency.com\/cespa\/wp-content\/uploads\/2026\/02\/c1.jpeg\" data-elementor-open-lightbox=\"yes\" data-elementor-lightbox-slideshow=\"2f64cb5f\" data-elementor-lightbox-title=\"c1\" data-e-action-hash=\"#elementor-action%3Aaction%3Dlightbox%26settings%3DeyJpZCI6MTI0NywidXJsIjoiaHR0cHM6XC9cL3N0YWdpbmcuZ3JpbnRlY2h3ZWJhZ2VuY3kuY29tXC9jZXNwYVwvd3AtY29udGVudFwvdXBsb2Fkc1wvMjAyNlwvMDJcL2MxLmpwZWciLCJzbGlkZXNob3ciOiIyZjY0Y2I1ZiJ9\">\n\t\t\t\t\t<div class=\"e-gallery-image elementor-gallery-item__image\" data-thumbnail=\"https:\/\/staging.grintechwebagency.com\/cespa\/wp-content\/uploads\/2026\/02\/c1.jpeg\" data-width=\"520\" data-height=\"547\" aria-label=\"\" role=\"img\" ><\/div>\n\t\t\t\t\t\t\t\t\t\t\t<div class=\"elementor-gallery-item__overlay\"><\/div>\n\t\t\t\t\t\t\t\t\t\t\t\t\t\t<\/a>\n\t\t\t\t\t\t\t<a class=\"e-gallery-item elementor-gallery-item elementor-animated-content\" href=\"https:\/\/staging.grintechwebagency.com\/cespa\/wp-content\/uploads\/2026\/02\/p18_56.png\" data-elementor-open-lightbox=\"yes\" data-elementor-lightbox-slideshow=\"2f64cb5f\" data-elementor-lightbox-title=\"p18_56\" data-e-action-hash=\"#elementor-action%3Aaction%3Dlightbox%26settings%3DeyJpZCI6MTE5MSwidXJsIjoiaHR0cHM6XC9cL3N0YWdpbmcuZ3JpbnRlY2h3ZWJhZ2VuY3kuY29tXC9jZXNwYVwvd3AtY29udGVudFwvdXBsb2Fkc1wvMjAyNlwvMDJcL3AxOF81Ni5wbmciLCJzbGlkZXNob3ciOiIyZjY0Y2I1ZiJ9\">\n\t\t\t\t\t<div class=\"e-gallery-image elementor-gallery-item__image\" data-thumbnail=\"https:\/\/staging.grintechwebagency.com\/cespa\/wp-content\/uploads\/2026\/02\/p18_56.png\" data-width=\"525\" data-height=\"403\" aria-label=\"\" role=\"img\" ><\/div>\n\t\t\t\t\t\t\t\t\t\t\t<div class=\"elementor-gallery-item__overlay\"><\/div>\n\t\t\t\t\t\t\t\t\t\t\t\t\t\t<\/a>\n\t\t\t\t\t\t\t<a class=\"e-gallery-item elementor-gallery-item elementor-animated-content\" href=\"https:\/\/staging.grintechwebagency.com\/cespa\/wp-content\/uploads\/2026\/02\/p17_50.png\" data-elementor-open-lightbox=\"yes\" data-elementor-lightbox-slideshow=\"2f64cb5f\" data-elementor-lightbox-title=\"p17_50\" data-e-action-hash=\"#elementor-action%3Aaction%3Dlightbox%26settings%3DeyJpZCI6MTE4NiwidXJsIjoiaHR0cHM6XC9cL3N0YWdpbmcuZ3JpbnRlY2h3ZWJhZ2VuY3kuY29tXC9jZXNwYVwvd3AtY29udGVudFwvdXBsb2Fkc1wvMjAyNlwvMDJcL3AxN181MC5wbmciLCJzbGlkZXNob3ciOiIyZjY0Y2I1ZiJ9\">\n\t\t\t\t\t<div class=\"e-gallery-image elementor-gallery-item__image\" data-thumbnail=\"https:\/\/staging.grintechwebagency.com\/cespa\/wp-content\/uploads\/2026\/02\/p17_50.png\" data-width=\"304\" data-height=\"405\" aria-label=\"\" role=\"img\" ><\/div>\n\t\t\t\t\t\t\t\t\t\t\t<div class=\"elementor-gallery-item__overlay\"><\/div>\n\t\t\t\t\t\t\t\t\t\t\t\t\t\t<\/a>\n\t\t\t\t\t\t\t<a class=\"e-gallery-item elementor-gallery-item elementor-animated-content\" href=\"https:\/\/staging.grintechwebagency.com\/cespa\/wp-content\/uploads\/2026\/02\/p22_80.png\" data-elementor-open-lightbox=\"yes\" data-elementor-lightbox-slideshow=\"2f64cb5f\" data-elementor-lightbox-title=\"p22_80\" data-e-action-hash=\"#elementor-action%3Aaction%3Dlightbox%26settings%3DeyJpZCI6MTMzOCwidXJsIjoiaHR0cHM6XC9cL3N0YWdpbmcuZ3JpbnRlY2h3ZWJhZ2VuY3kuY29tXC9jZXNwYVwvd3AtY29udGVudFwvdXBsb2Fkc1wvMjAyNlwvMDJcL3AyMl84MC5wbmciLCJzbGlkZXNob3ciOiIyZjY0Y2I1ZiJ9\">\n\t\t\t\t\t<div class=\"e-gallery-image elementor-gallery-item__image\" data-thumbnail=\"https:\/\/staging.grintechwebagency.com\/cespa\/wp-content\/uploads\/2026\/02\/p22_80.png\" data-width=\"452\" data-height=\"296\" aria-label=\"\" role=\"img\" ><\/div>\n\t\t\t\t\t\t\t\t\t\t\t<div class=\"elementor-gallery-item__overlay\"><\/div>\n\t\t\t\t\t\t\t\t\t\t\t\t\t\t<\/a>\n\t\t\t\t\t<\/div>\n\t\t\t\t\t<\/div>\n\t\t\t\t<\/div>\n\t\t\t\t\t<\/div>\n\t\t\t\t<\/div>\n\t\t<div class=\"elementor-element elementor-element-fdd68bf e-flex e-con-boxed e-con e-parent\" data-id=\"fdd68bf\" data-element_type=\"container\" data-e-type=\"container\" data-settings=\"{&quot;background_background&quot;:&quot;classic&quot;}\">\n\t\t\t\t\t<div class=\"e-con-inner\">\n\t\t<div class=\"elementor-element elementor-element-c28b6d0 e-con-full e-flex e-con e-child\" data-id=\"c28b6d0\" data-element_type=\"container\" data-e-type=\"container\">\n\t\t\t\t<div class=\"elementor-element elementor-element-5841a4c elementor-widget elementor-widget-heading\" data-id=\"5841a4c\" data-element_type=\"widget\" data-e-type=\"widget\" data-widget_type=\"heading.default\">\n\t\t\t\t\t<h2 class=\"elementor-heading-title elementor-size-default\">Skriv till oss f\u00f6r att bli kontaktad\n<\/h2>\t\t\t\t<\/div>\n\t\t\t\t<div class=\"elementor-element elementor-element-c52b12b elementor-widget elementor-widget-button\" data-id=\"c52b12b\" data-element_type=\"widget\" data-e-type=\"widget\" data-widget_type=\"button.default\">\n\t\t\t\t\t\t\t\t\t\t<a class=\"elementor-button elementor-button-link elementor-size-sm\" href=\"https:\/\/staging.grintechwebagency.com\/cespa\/contact-us\/\">\n\t\t\t\t\t\t<span class=\"elementor-button-content-wrapper\">\n\t\t\t\t\t\t\t\t\t<span class=\"elementor-button-text\">Kontakta oss<\/span>\n\t\t\t\t\t<\/span>\n\t\t\t\t\t<\/a>\n\t\t\t\t\t\t\t\t<\/div>\n\t\t\t\t<\/div>\n\t\t\t\t\t<\/div>\n\t\t\t\t<\/div>\n\t\t\t\t<\/div>\n\t\t","protected":false},"excerpt":{"rendered":"<p>BOGGIES CESPA tillverkar ett brett sortiment av universella dummyboggier f\u00f6r st\u00f6d och hantering av vagnskorgar under tillverknings- och\/eller \u00f6versynsprocesser, med en lastkapacitet upp till 40 ton. Universalboggiernas basstruktur kan anpassas f\u00f6r olika typer av rullande materiel och \u00e4r utrustad med en fast \u00f6vre tv\u00e4rbalk. Konstruktionen m\u00f6jligg\u00f6r f\u00f6rflyttning p\u00e5 raka sp\u00e5r samt via vridbord f\u00f6r passage [&hellip;]<\/p>\n","protected":false},"author":1,"featured_media":0,"parent":0,"menu_order":0,"comment_status":"closed","ping_status":"closed","template":"","meta":{"footnotes":""},"class_list":["post-1162","page","type-page","status-publish","hentry"],"_links":{"self":[{"href":"https:\/\/staging.grintechwebagency.com\/cespa\/wp-json\/wp\/v2\/pages\/1162","targetHints":{"allow":["GET"]}}],"collection":[{"href":"https:\/\/staging.grintechwebagency.com\/cespa\/wp-json\/wp\/v2\/pages"}],"about":[{"href":"https:\/\/staging.grintechwebagency.com\/cespa\/wp-json\/wp\/v2\/types\/page"}],"author":[{"embeddable":true,"href":"https:\/\/staging.grintechwebagency.com\/cespa\/wp-json\/wp\/v2\/users\/1"}],"replies":[{"embeddable":true,"href":"https:\/\/staging.grintechwebagency.com\/cespa\/wp-json\/wp\/v2\/comments?post=1162"}],"version-history":[{"count":120,"href":"https:\/\/staging.grintechwebagency.com\/cespa\/wp-json\/wp\/v2\/pages\/1162\/revisions"}],"predecessor-version":[{"id":3282,"href":"https:\/\/staging.grintechwebagency.com\/cespa\/wp-json\/wp\/v2\/pages\/1162\/revisions\/3282"}],"wp:attachment":[{"href":"https:\/\/staging.grintechwebagency.com\/cespa\/wp-json\/wp\/v2\/media?parent=1162"}],"curies":[{"name":"wp","href":"https:\/\/api.w.org\/{rel}","templated":true}]}}